{"id":8,"date":"2017-11-21T12:07:50","date_gmt":"2017-11-21T12:07:50","guid":{"rendered":"http:\/\/www.drivewide.pt\/naliter\/?post_type=product&#038;p=8"},"modified":"2026-03-28T19:20:58","modified_gmt":"2026-03-28T19:20:58","slug":"texto-basico","status":"publish","type":"product","link":"https:\/\/literatura.na-pt.org\/en\/loja\/livros\/texto-basico\/","title":{"rendered":"Texto B\u00e1sico &#8211; 6\u00aa edi\u00e7\u00e3o"},"content":{"rendered":"<p>PREF\u00c1CIO&#8221;<i>O fruto completo de um trabalho de amor est\u00e1 na colheita, e essa chega sempre na sua esta\u00e7\u00e3o certa&#8230;<\/i>&#8221;<br \/>\nO material para este livro foi retirado das experi\u00eancias pessoais de adictos na Irmandade de Narc\u00f3ticos An\u00f3nimos. Este Texto B\u00e1sico \u00e9 baseado num resumo tirado do nosso &#8220;Livro Branco&#8221;, Narc\u00f3ticos An\u00f3nimos. Os primeiros oito cap\u00edtulos baseiam-se nos t\u00edtulos do Livro Branco, e t\u00eam o mesmo nome. Foram inclu\u00eddos dois novos cap\u00edtulos, &#8220;S\u00f3 Por Hoje&#8221; e &#8220;Mais Ser\u00e1 Revelado&#8221;. A seguir faz-se um breve resumo da hist\u00f3ria do livro.<br \/>\nNarc\u00f3ticos An\u00f3nimos formou-se em Julho de 1953, com a primeira reuni\u00e3o realizada no sul da Calif\u00f3rnia. A Irmandade cresceu irregularmente, mas depressa se espalhou a v\u00e1rios pontos dos Estados Unidos. Desde o in\u00edcio tornou-se evidente a necessidade de um livro sobre recupera\u00e7\u00e3o que ajudasse a fortalecer a Irmandade. O Livro Branco, Narc\u00f3ticos An\u00f3nimos, foi assim publicado em 1962.<br \/>\nA Irmandade tinha ainda, nessa altura, uma estrutura pequena, e os anos sessenta constituiram um per\u00edodo de grande esfor\u00e7o. O n\u00famero de membros cresceu rapidamente durante um tempo e depois come\u00e7ou a diminuir. Tornava-se manifesta a necessidade de uma orienta\u00e7\u00e3o mais espec\u00edfica. NA demonstrou a sua maturidade em 1972, quando foi aberto, em Los Angeles, na Calif\u00f3rnia, um Escrit\u00f3rio Mundial de Servi\u00e7o (&#8220;World Service Office&#8221;-WSO). O WSO tem trazido \u00e0 Irmandade a necess\u00e1ria unidade e um sentido de prop\u00f3sito.<br \/>\nA abertura do WSO trouxe estabilidade ao crescimento da Irmandade. Hoje existem milhares de adictos em recupera\u00e7\u00e3o em mais de quarenta pa\u00edses. Hoje, o WSO serve verdadeiramente uma Irmandade mundial.<br \/>\nNarc\u00f3ticos An\u00f3nimos h\u00e1 muito que reconhece a necessidade de um Texto B\u00e1sico completo sobre a adic\u00e7\u00e3o-um livro sobre adictos, por adictos e para adictos.<br \/>\nEste esfor\u00e7o foi fortalecido, depois da forma\u00e7\u00e3o do WSO, com a publica\u00e7\u00e3o de &#8220;The N.A. Tree&#8221; (A \u00c1rvore de NA), um folheto sobre o trabalho de servi\u00e7o. Este folheto foi o primeiro manual de servi\u00e7o da Irmandade. Foi seguido por outros mais compreensivoS, havendo hoje um manual de servi\u00e7o em NA.<br \/>\nO manual esbo\u00e7ava uma estrutura de servi\u00e7os que inclu\u00eda uma Confer\u00eancia Mundial de Servi\u00e7o (&#8220;World Service Conference&#8221;-WSC). A WSC, por sua vez, inclu\u00eda um Comit\u00e9 de Literatura. Com o encorajamento da WSC, de v\u00e1rios membros do Conselho de &#8220;Trustees 1 &#8220;, e da Confer\u00eancia, iniciaram-se os trabalhos.<br \/>\nA medida que se foram generalizando os pedidos de literatura, particularmente de um texto compreensivo, o comit\u00e9 de literatura da WSC foi se desenvolvendo. Em Outubro de 1979, realizou-se em Wichita, no estado do Kansas, EUA, a primeira Confer\u00eancia Mundial de Literatura (&#8220;World Literature Conference&#8221;), seguida por confer\u00eancias no Nebraska, no Tennessee, na Calif\u00f3rnia, no Ohio, e na Florida, todoS estados norte-americanos.<br \/>\nO Subcomit\u00e9 de Literatura da WSC conseguiu, assim, juntar centenas de p\u00e1ginas de material de membros e de grupos de toda a Irmandade. Este material tem sido laboriosamente catalogado, editado, reunido, separado, reunido novamente. Dezenas de representantes de \u00e1rea e de regi\u00e3o, trabalhando com o Subcomit\u00e9 de Literatura, t\u00eam dedicado milhares de horas \u00e0 produ\u00e7\u00e3o do trabalho aqui apresentado. Mas, mais importante, aqueles membros t\u00eam conscientemente procurado assegurar um texto sa\u00eddo de uma &#8220;consci\u00eancia de grupo&#8221;.<br \/>\nMantendo o esp\u00edrito do anonimato, n\u00f3s, Subcomit\u00e9 de Literatura da WSC, sentimos que \u00e9 nosso dever expressarmos a nossa especial gratid\u00e3o e o nosso reconhecimento \u00e0 Irmandade como um todo, muito particularmente aos muitos que contribuiram com material para ser inclu\u00eddo neste livro. \u00c9 nosso sentir que este livro constitui uma s\u00edntese da consci\u00eancia de grupo colectiva da Irmandade e que toda a ideia que foi submetida est\u00e1, de uma forma ou outra, inclu\u00edda neste trabalho.<br \/>\nA inten\u00e7\u00e3o deste volume \u00e9 a de que seja um texto para todo o adicto em busca de recupera\u00e7\u00e3o. Como adictos, conhecemos a dor da adic\u00e7\u00e3o, mas conhecemos tamb\u00e9m a alegria da recupera\u00e7\u00e3o, que encontr\u00e1mos na Irmandade de Narc\u00f3ticos An\u00f3nimos. Achamos que \u00e9 chegada a altura de partilharmos a nossa recupera\u00e7\u00e3o, de forma escrita, com todos aqueles que desejem aquilo que n\u00f3s encontr\u00e1mos. Assim, este livro \u00e9 dedicado a informar todo o adicto de que:<\/p>\n<p>&#8220;S\u00d3 POR HOJE, N\u00c3O PRECISAS DE USAR!&#8221;<\/p>\n<p>\u00c9 com gratid\u00e3o pela nossa recupera\u00e7\u00e3o que dedicamos o nosso livro de NA, no servi\u00e7o amant\u00edssimo do nosso Poder Superior. Que, atrav\u00e9s do desenvolvimento de um contacto consciente com Deus, nenhum adicto em busca de recupera\u00e7\u00e3o precise de morrer sem ter tido uma oportunidade de encontrar um melhor modo de vida.<\/p>\n<p>Permanecemos servidores de confian\u00e7a em gratid\u00e3o e servi\u00e7o,<br \/>\nSUBCOMIT\u00c9 DE LITERATURA<br \/>\nCONFER\u00caNCIA MUNDIAL DE SERVI\u00c7O<br \/>\nNARC\u00d3TICOS AN\u00d3NIMOS<\/p>\n","protected":false},"excerpt":{"rendered":"<p>Texto B\u00e1sico &#8211; Livro Azul<\/p>\n","protected":false},"featured_media":519,"template":"","meta":[],"product_brand":[],"product_cat":[15],"product_tag":[],"class_list":{"0":"post-8","1":"product","2":"type-product","3":"status-publish","4":"has-post-thumbnail","6":"product_cat-livros","8":"first","9":"instock","10":"shipping-taxable","11":"purchasable","12":"product-type-simple","13":"customify-col"},"_links":{"self":[{"href":"https:\/\/literatura.na-pt.org\/en\/wp-json\/wp\/v2\/product\/8","targetHints":{"allow":["GET"]}}],"collection":[{"href":"https:\/\/literatura.na-pt.org\/en\/wp-json\/wp\/v2\/product"}],"about":[{"href":"https:\/\/literatura.na-pt.org\/en\/wp-json\/wp\/v2\/types\/product"}],"wp:featuredmedia":[{"embeddable":true,"href":"https:\/\/literatura.na-pt.org\/en\/wp-json\/wp\/v2\/media\/519"}],"wp:attachment":[{"href":"https:\/\/literatura.na-pt.org\/en\/wp-json\/wp\/v2\/media?parent=8"}],"wp:term":[{"taxonomy":"product_brand","embeddable":true,"href":"https:\/\/literatura.na-pt.org\/en\/wp-json\/wp\/v2\/product_brand?post=8"},{"taxonomy":"product_cat","embeddable":true,"href":"https:\/\/literatura.na-pt.org\/en\/wp-json\/wp\/v2\/product_cat?post=8"},{"taxonomy":"product_tag","embeddable":true,"href":"https:\/\/literatura.na-pt.org\/en\/wp-json\/wp\/v2\/product_tag?post=8"}],"curies":[{"name":"wp","href":"https:\/\/api.w.org\/{rel}","templated":true}]}}