{"id":627,"date":"2023-01-18T17:34:24","date_gmt":"2023-01-18T17:34:24","guid":{"rendered":"https:\/\/literatura.na-pt.org\/?post_type=product&#038;p=627"},"modified":"2026-03-07T17:22:43","modified_gmt":"2026-03-07T17:22:43","slug":"cartaz-as-doze-tradicoes-de-narcoticos-anonimos","status":"publish","type":"product","link":"https:\/\/literatura.na-pt.org\/en\/loja\/cartazes\/cartaz-as-doze-tradicoes-de-narcoticos-anonimos\/","title":{"rendered":"Cartaz As Doze Tradi\u00e7\u00f5es de Narc\u00f3ticos An\u00f3nimos"},"content":{"rendered":"","protected":false},"excerpt":{"rendered":"","protected":false},"featured_media":648,"template":"","meta":[],"product_brand":[],"product_cat":[19],"product_tag":[],"class_list":{"0":"post-627","1":"product","2":"type-product","3":"status-publish","4":"has-post-thumbnail","6":"product_cat-cartazes","8":"first","9":"instock","10":"shipping-taxable","11":"purchasable","12":"product-type-simple","13":"customify-col"},"_links":{"self":[{"href":"https:\/\/literatura.na-pt.org\/en\/wp-json\/wp\/v2\/product\/627","targetHints":{"allow":["GET"]}}],"collection":[{"href":"https:\/\/literatura.na-pt.org\/en\/wp-json\/wp\/v2\/product"}],"about":[{"href":"https:\/\/literatura.na-pt.org\/en\/wp-json\/wp\/v2\/types\/product"}],"wp:featuredmedia":[{"embeddable":true,"href":"https:\/\/literatura.na-pt.org\/en\/wp-json\/wp\/v2\/media\/648"}],"wp:attachment":[{"href":"https:\/\/literatura.na-pt.org\/en\/wp-json\/wp\/v2\/media?parent=627"}],"wp:term":[{"taxonomy":"product_brand","embeddable":true,"href":"https:\/\/literatura.na-pt.org\/en\/wp-json\/wp\/v2\/product_brand?post=627"},{"taxonomy":"product_cat","embeddable":true,"href":"https:\/\/literatura.na-pt.org\/en\/wp-json\/wp\/v2\/product_cat?post=627"},{"taxonomy":"product_tag","embeddable":true,"href":"https:\/\/literatura.na-pt.org\/en\/wp-json\/wp\/v2\/product_tag?post=627"}],"curies":[{"name":"wp","href":"https:\/\/api.w.org\/{rel}","templated":true}]}}