{"id":414,"date":"2019-01-12T17:42:42","date_gmt":"2019-01-12T17:42:42","guid":{"rendered":"https:\/\/literatura.na-pt.org\/?post_type=product&#038;p=414"},"modified":"2026-03-25T19:37:05","modified_gmt":"2026-03-25T19:37:05","slug":"os-grupos-de-na-e-a-medicacao","status":"publish","type":"product","link":"https:\/\/literatura.na-pt.org\/en\/loja\/folhetos\/os-grupos-de-na-e-a-medicacao\/","title":{"rendered":"Os Grupos de NA e a Medica\u00e7\u00e3o"},"content":{"rendered":"","protected":false},"excerpt":{"rendered":"<p>Este folheto n\u00e3o pretende esclarecer os membros sobre a decis\u00e3o pessoal de tomar ou n\u00e3o medica\u00e7\u00e3o, nem tenta convencer os membros para terem opini\u00f5es diferentes sobre o uso de medica\u00e7\u00e3o.<\/p>\n<p>O que este folheto pretende \u00e9 demonstrar que os grupos est\u00e3o muitas vezes em melhores condi\u00e7\u00f5es de transmitir a mensagem de NA e de melhor acolher algu\u00e9m numa reuni\u00e3o, quando os membros se juntam para discutir este assunto. Cada grupo \u00e9 aut\u00f3nomo e este folheto tem como \u00fanico objectivo fornecer aos grupos uma ferramenta para desenvolver as suas pr\u00f3prias discuss\u00f5es.<\/p>\n<p>O nosso bem-estar comum deve estar em primeiro lugar;<br \/>\nA recupera\u00e7\u00e3o individual depende da Unidade de NA.<br \/>\n(1\u00aa Tradi\u00e7\u00e3o)<\/p>\n","protected":false},"featured_media":527,"template":"","meta":[],"product_brand":[],"product_cat":[16],"product_tag":[],"class_list":{"0":"post-414","1":"product","2":"type-product","3":"status-publish","4":"has-post-thumbnail","6":"product_cat-folhetos","8":"first","9":"instock","10":"shipping-taxable","11":"purchasable","12":"product-type-simple","13":"customify-col"},"_links":{"self":[{"href":"https:\/\/literatura.na-pt.org\/en\/wp-json\/wp\/v2\/product\/414","targetHints":{"allow":["GET"]}}],"collection":[{"href":"https:\/\/literatura.na-pt.org\/en\/wp-json\/wp\/v2\/product"}],"about":[{"href":"https:\/\/literatura.na-pt.org\/en\/wp-json\/wp\/v2\/types\/product"}],"wp:featuredmedia":[{"embeddable":true,"href":"https:\/\/literatura.na-pt.org\/en\/wp-json\/wp\/v2\/media\/527"}],"wp:attachment":[{"href":"https:\/\/literatura.na-pt.org\/en\/wp-json\/wp\/v2\/media?parent=414"}],"wp:term":[{"taxonomy":"product_brand","embeddable":true,"href":"https:\/\/literatura.na-pt.org\/en\/wp-json\/wp\/v2\/product_brand?post=414"},{"taxonomy":"product_cat","embeddable":true,"href":"https:\/\/literatura.na-pt.org\/en\/wp-json\/wp\/v2\/product_cat?post=414"},{"taxonomy":"product_tag","embeddable":true,"href":"https:\/\/literatura.na-pt.org\/en\/wp-json\/wp\/v2\/product_tag?post=414"}],"curies":[{"name":"wp","href":"https:\/\/api.w.org\/{rel}","templated":true}]}}