{"id":412,"date":"2019-01-12T17:40:48","date_gmt":"2019-01-12T17:40:48","guid":{"rendered":"https:\/\/literatura.na-pt.org\/?post_type=product&#038;p=412"},"modified":"2026-03-25T19:37:04","modified_gmt":"2026-03-25T19:37:04","slug":"comportamento-perturbador-e-violento","status":"publish","type":"product","link":"https:\/\/literatura.na-pt.org\/en\/loja\/folhetos\/comportamento-perturbador-e-violento\/","title":{"rendered":"Comportamento Perturbador e Violento"},"content":{"rendered":"","protected":false},"excerpt":{"rendered":"<p>Por vezes, os grupos enfrentam desafios em manter uma atmosfera na qual os adictos possam partilhar a sua recupera\u00e7\u00e3o.<\/p>\n<p>Este folheto centra-se num desses desafios: o comportamento perturbador ou violento nos grupos de NA. A informa\u00e7\u00e3o aqui contida tem como objectivo ajudar os grupos na responsabilidade de acolher os seus membros, sem permitir que um indiv\u00edduo ameace a seguran\u00e7a daqueles que participam numa reuni\u00e3o.<\/p>\n","protected":false},"featured_media":511,"template":"","meta":[],"product_brand":[],"product_cat":[16],"product_tag":[],"class_list":{"0":"post-412","1":"product","2":"type-product","3":"status-publish","4":"has-post-thumbnail","6":"product_cat-folhetos","8":"first","9":"instock","10":"shipping-taxable","11":"purchasable","12":"product-type-simple","13":"customify-col"},"_links":{"self":[{"href":"https:\/\/literatura.na-pt.org\/en\/wp-json\/wp\/v2\/product\/412","targetHints":{"allow":["GET"]}}],"collection":[{"href":"https:\/\/literatura.na-pt.org\/en\/wp-json\/wp\/v2\/product"}],"about":[{"href":"https:\/\/literatura.na-pt.org\/en\/wp-json\/wp\/v2\/types\/product"}],"wp:featuredmedia":[{"embeddable":true,"href":"https:\/\/literatura.na-pt.org\/en\/wp-json\/wp\/v2\/media\/511"}],"wp:attachment":[{"href":"https:\/\/literatura.na-pt.org\/en\/wp-json\/wp\/v2\/media?parent=412"}],"wp:term":[{"taxonomy":"product_brand","embeddable":true,"href":"https:\/\/literatura.na-pt.org\/en\/wp-json\/wp\/v2\/product_brand?post=412"},{"taxonomy":"product_cat","embeddable":true,"href":"https:\/\/literatura.na-pt.org\/en\/wp-json\/wp\/v2\/product_cat?post=412"},{"taxonomy":"product_tag","embeddable":true,"href":"https:\/\/literatura.na-pt.org\/en\/wp-json\/wp\/v2\/product_tag?post=412"}],"curies":[{"name":"wp","href":"https:\/\/api.w.org\/{rel}","templated":true}]}}