{"id":408,"date":"2019-01-12T17:33:33","date_gmt":"2019-01-12T17:33:33","guid":{"rendered":"https:\/\/literatura.na-pt.org\/?post_type=product&#038;p=408"},"modified":"2026-03-24T13:58:50","modified_gmt":"2026-03-24T13:58:50","slug":"uma-introducao-as-reunioes-de-na","status":"publish","type":"product","link":"https:\/\/literatura.na-pt.org\/en\/loja\/folhetos\/uma-introducao-as-reunioes-de-na\/","title":{"rendered":"Uma introdu\u00e7\u00e3o \u00e0s Reuni\u00f5es de NA"},"content":{"rendered":"","protected":false},"excerpt":{"rendered":"<p>Se pretendes ir a uma reuni\u00e3o de Narc\u00f3ticos An\u00f3nimos pela primeira vez, talvez seja bom saber com o que contar. A presente informa\u00e7\u00e3o destina-se a ajudar-te a entender o que sucede nas nossas reuni\u00f5es. Os termos que usamos e a forma como agimos podem parecer-te estranhos inicialmente; contudo esperamos que esta informa\u00e7\u00e3o possa ajudar-te a obter o m\u00e1ximo proveito da tua primeira reuni\u00e3o de NA. Se apareceres cedo, sa\u00edres tarde, e se fizeres muitas perguntas, antes e depois da reuni\u00e3o, tirar\u00e1s, provavelmente, maior partido das reuni\u00f5es a que assistires.<\/p>\n","protected":false},"featured_media":555,"template":"","meta":[],"product_brand":[],"product_cat":[16],"product_tag":[103,106,104],"class_list":{"0":"post-408","1":"product","2":"type-product","3":"status-publish","4":"has-post-thumbnail","6":"product_cat-folhetos","7":"product_tag-hi","8":"product_tag-recem-chegado","9":"product_tag-rp","11":"first","12":"instock","13":"shipping-taxable","14":"purchasable","15":"product-type-simple","16":"customify-col"},"_links":{"self":[{"href":"https:\/\/literatura.na-pt.org\/en\/wp-json\/wp\/v2\/product\/408","targetHints":{"allow":["GET"]}}],"collection":[{"href":"https:\/\/literatura.na-pt.org\/en\/wp-json\/wp\/v2\/product"}],"about":[{"href":"https:\/\/literatura.na-pt.org\/en\/wp-json\/wp\/v2\/types\/product"}],"wp:featuredmedia":[{"embeddable":true,"href":"https:\/\/literatura.na-pt.org\/en\/wp-json\/wp\/v2\/media\/555"}],"wp:attachment":[{"href":"https:\/\/literatura.na-pt.org\/en\/wp-json\/wp\/v2\/media?parent=408"}],"wp:term":[{"taxonomy":"product_brand","embeddable":true,"href":"https:\/\/literatura.na-pt.org\/en\/wp-json\/wp\/v2\/product_brand?post=408"},{"taxonomy":"product_cat","embeddable":true,"href":"https:\/\/literatura.na-pt.org\/en\/wp-json\/wp\/v2\/product_cat?post=408"},{"taxonomy":"product_tag","embeddable":true,"href":"https:\/\/literatura.na-pt.org\/en\/wp-json\/wp\/v2\/product_tag?post=408"}],"curies":[{"name":"wp","href":"https:\/\/api.w.org\/{rel}","templated":true}]}}