{"id":405,"date":"2019-01-12T17:29:28","date_gmt":"2019-01-12T17:29:28","guid":{"rendered":"https:\/\/literatura.na-pt.org\/?post_type=product&#038;p=405"},"modified":"2026-03-25T19:37:04","modified_gmt":"2026-03-25T19:37:04","slug":"a-questao-do-dinheiro","status":"publish","type":"product","link":"https:\/\/literatura.na-pt.org\/en\/loja\/folhetos\/a-questao-do-dinheiro\/","title":{"rendered":"A quest\u00e3o do dinheiro: o autofinanciamento em NA"},"content":{"rendered":"","protected":false},"excerpt":{"rendered":"<p>Um membro pergunta&#8230;<br \/>\nFoi-nos dito a todos que fazer parte de Narc\u00f3ticos An\u00f3nimos n\u00e3o custava dinheiro nenhum. &#8220;Para que \u00e9 ent\u00e3o a colecta?&#8221; Algu\u00e9m explica: &#8220;Os grupos de NA s\u00e3o autosuficientes, recusando quaisquer contribui\u00e7\u00f5es de fora. Isto permite que sejamos livres para seguir o nosso caminho e n\u00e3o outro qualquer. Antes de ficarmos limpos pass\u00e1vamos a vida a tirar, a tirar, a tirar. Em NA aprendemos o que \u00e9 a autosufici\u00eancia e tornamo-nos respons\u00e1veis por n\u00f3s pr\u00f3prios e pela nossa irmandade.<\/p>\n","protected":false},"featured_media":508,"template":"","meta":[],"product_brand":[],"product_cat":[16],"product_tag":[],"class_list":{"0":"post-405","1":"product","2":"type-product","3":"status-publish","4":"has-post-thumbnail","6":"product_cat-folhetos","8":"first","9":"instock","10":"shipping-taxable","11":"purchasable","12":"product-type-simple","13":"customify-col"},"_links":{"self":[{"href":"https:\/\/literatura.na-pt.org\/en\/wp-json\/wp\/v2\/product\/405","targetHints":{"allow":["GET"]}}],"collection":[{"href":"https:\/\/literatura.na-pt.org\/en\/wp-json\/wp\/v2\/product"}],"about":[{"href":"https:\/\/literatura.na-pt.org\/en\/wp-json\/wp\/v2\/types\/product"}],"wp:featuredmedia":[{"embeddable":true,"href":"https:\/\/literatura.na-pt.org\/en\/wp-json\/wp\/v2\/media\/508"}],"wp:attachment":[{"href":"https:\/\/literatura.na-pt.org\/en\/wp-json\/wp\/v2\/media?parent=405"}],"wp:term":[{"taxonomy":"product_brand","embeddable":true,"href":"https:\/\/literatura.na-pt.org\/en\/wp-json\/wp\/v2\/product_brand?post=405"},{"taxonomy":"product_cat","embeddable":true,"href":"https:\/\/literatura.na-pt.org\/en\/wp-json\/wp\/v2\/product_cat?post=405"},{"taxonomy":"product_tag","embeddable":true,"href":"https:\/\/literatura.na-pt.org\/en\/wp-json\/wp\/v2\/product_tag?post=405"}],"curies":[{"name":"wp","href":"https:\/\/api.w.org\/{rel}","templated":true}]}}