{"id":403,"date":"2019-01-12T17:26:35","date_gmt":"2019-01-12T17:26:35","guid":{"rendered":"https:\/\/literatura.na-pt.org\/?post_type=product&#038;p=403"},"modified":"2026-03-24T13:58:49","modified_gmt":"2026-03-24T13:58:49","slug":"continuar-limpo-la-fora","status":"publish","type":"product","link":"https:\/\/literatura.na-pt.org\/en\/loja\/folhetos\/continuar-limpo-la-fora\/","title":{"rendered":"Continuar limpo l\u00e1 fora"},"content":{"rendered":"","protected":false},"excerpt":{"rendered":"<p>Muitos de n\u00f3s ouviram pela primeira vez a mensagem de recupera\u00e7\u00e3o de Narc\u00f3ticos An\u00f3nimos num hospital ou numa outra institui\u00e7\u00e3o. N\u00e3o \u00e9 f\u00e1cil sair-se desses lugares para o mundo exterior, sobretudo quando somos desafiados pelas mudan\u00e7as que a recupera\u00e7\u00e3o exige. Para muitos de n\u00f3s, o princ\u00edpio da recupera\u00e7\u00e3o foi dif\u00edcil. Enfrentar a perspectiva de uma vida sem drogas pode ser muito assustador. Mas aqueles de n\u00f3s que conseguiram ultrapassar os primeiros dias, descobriram uma vida que vale a pena ser vivida. Este folheto destina-se \u00e0queles que se encontram agora num hospital ou numa institui\u00e7\u00e3o, constituindo uma mensagem de esperan\u00e7a, de que tu tamb\u00e9m podes recuperar e viver livre. Muitos de n\u00f3s j\u00e1 estiveram onde tu est\u00e1s hoje. Tent\u00e1mos outras vias e muitos de n\u00f3s reca\u00edram, alguns sem terem tido outra oportunidade de recuperarem. Escrevemos este folheto a fim de partilharmos contigo aquilo que descobrimos que resulta.<\/p>\n","protected":false},"featured_media":512,"template":"","meta":[],"product_brand":[],"product_cat":[16],"product_tag":[103,106],"class_list":{"0":"post-403","1":"product","2":"type-product","3":"status-publish","4":"has-post-thumbnail","6":"product_cat-folhetos","7":"product_tag-hi","8":"product_tag-recem-chegado","10":"first","11":"instock","12":"shipping-taxable","13":"purchasable","14":"product-type-simple","15":"customify-col"},"_links":{"self":[{"href":"https:\/\/literatura.na-pt.org\/en\/wp-json\/wp\/v2\/product\/403","targetHints":{"allow":["GET"]}}],"collection":[{"href":"https:\/\/literatura.na-pt.org\/en\/wp-json\/wp\/v2\/product"}],"about":[{"href":"https:\/\/literatura.na-pt.org\/en\/wp-json\/wp\/v2\/types\/product"}],"wp:featuredmedia":[{"embeddable":true,"href":"https:\/\/literatura.na-pt.org\/en\/wp-json\/wp\/v2\/media\/512"}],"wp:attachment":[{"href":"https:\/\/literatura.na-pt.org\/en\/wp-json\/wp\/v2\/media?parent=403"}],"wp:term":[{"taxonomy":"product_brand","embeddable":true,"href":"https:\/\/literatura.na-pt.org\/en\/wp-json\/wp\/v2\/product_brand?post=403"},{"taxonomy":"product_cat","embeddable":true,"href":"https:\/\/literatura.na-pt.org\/en\/wp-json\/wp\/v2\/product_cat?post=403"},{"taxonomy":"product_tag","embeddable":true,"href":"https:\/\/literatura.na-pt.org\/en\/wp-json\/wp\/v2\/product_tag?post=403"}],"curies":[{"name":"wp","href":"https:\/\/api.w.org\/{rel}","templated":true}]}}