{"id":401,"date":"2019-01-12T17:24:45","date_gmt":"2019-01-12T17:24:45","guid":{"rendered":"https:\/\/literatura.na-pt.org\/?post_type=product&#038;p=401"},"modified":"2026-03-28T19:20:58","modified_gmt":"2026-03-28T19:20:58","slug":"bem-vindo-a-narcoticos-anonimos","status":"publish","type":"product","link":"https:\/\/literatura.na-pt.org\/en\/loja\/folhetos\/bem-vindo-a-narcoticos-anonimos\/","title":{"rendered":"Bem-vindo a Narc\u00f3ticos An\u00f3nimos"},"content":{"rendered":"","protected":false},"excerpt":{"rendered":"<p>A princ\u00edpio, muitos de n\u00f3s desconfiavam e receavam tentar uma maneira nova de fazer as coisas. A \u00fanica coisa de que t\u00ednhamos praticamente a certeza, era a de que os velhos m\u00e9todos n\u00e3o estavam de modo nenhum a resultar. Mesmo depois de pararmos de usar, as coisas n\u00e3o mudaram de repente. Por vezes, actividades normais, como guiar um carro ou fazer um telefonema, pareciam estranhas e assustadoras, como se nos tiv\u00e9ssemos transformado em algu\u00e9m que n\u00e3o reconhec\u00edamos. \u00c9 aqui que a irmandade e a ajuda de outros adictos em recupera\u00e7\u00e3o resultam. Come\u00e7amos ent\u00e3o a confiar nos outros para a seguran\u00e7a de que t\u00e3o desesperadamente carecemos.<\/p>\n","protected":false},"featured_media":509,"template":"","meta":[],"product_brand":[],"product_cat":[16],"product_tag":[106],"class_list":{"0":"post-401","1":"product","2":"type-product","3":"status-publish","4":"has-post-thumbnail","6":"product_cat-folhetos","7":"product_tag-recem-chegado","9":"first","10":"instock","11":"featured","12":"shipping-taxable","13":"purchasable","14":"product-type-simple","15":"customify-col"},"_links":{"self":[{"href":"https:\/\/literatura.na-pt.org\/en\/wp-json\/wp\/v2\/product\/401","targetHints":{"allow":["GET"]}}],"collection":[{"href":"https:\/\/literatura.na-pt.org\/en\/wp-json\/wp\/v2\/product"}],"about":[{"href":"https:\/\/literatura.na-pt.org\/en\/wp-json\/wp\/v2\/types\/product"}],"wp:featuredmedia":[{"embeddable":true,"href":"https:\/\/literatura.na-pt.org\/en\/wp-json\/wp\/v2\/media\/509"}],"wp:attachment":[{"href":"https:\/\/literatura.na-pt.org\/en\/wp-json\/wp\/v2\/media?parent=401"}],"wp:term":[{"taxonomy":"product_brand","embeddable":true,"href":"https:\/\/literatura.na-pt.org\/en\/wp-json\/wp\/v2\/product_brand?post=401"},{"taxonomy":"product_cat","embeddable":true,"href":"https:\/\/literatura.na-pt.org\/en\/wp-json\/wp\/v2\/product_cat?post=401"},{"taxonomy":"product_tag","embeddable":true,"href":"https:\/\/literatura.na-pt.org\/en\/wp-json\/wp\/v2\/product_tag?post=401"}],"curies":[{"name":"wp","href":"https:\/\/api.w.org\/{rel}","templated":true}]}}