{"id":399,"date":"2019-01-12T17:22:54","date_gmt":"2019-01-12T17:22:54","guid":{"rendered":"https:\/\/literatura.na-pt.org\/?post_type=product&#038;p=399"},"modified":"2026-03-25T19:37:05","modified_gmt":"2026-03-25T19:37:05","slug":"o-solitario","status":"publish","type":"product","link":"https:\/\/literatura.na-pt.org\/en\/loja\/folhetos\/o-solitario\/","title":{"rendered":"O solit\u00e1rio &#8211; continuar limpo isolado"},"content":{"rendered":"","protected":false},"excerpt":{"rendered":"<p>Neste folheto identificamos o &#8220;solit\u00e1rio&#8221; como um adicto geograficamente isolado que deseja recuperar da adi\u00e7\u00e3o. Se n\u00e3o tens possibilidade de ir a reuni\u00f5es de NA, esperamos que este folheto chegue a ti e te d\u00ea solu\u00e7\u00f5es pr\u00e1ticas para viveres uma vida livre e feliz.<br \/>\nApesar de ser especificamente dirigido a adictos que estejam a recuperar em s\u00edtios remotos, sem possibilidades de frequentarem reuni\u00f5es regulares de NA, qualquer adicto que leia este folheto obter\u00e1 ensinamentos valiosos sobre como recuperar da doen\u00e7a da adi\u00e7\u00e3o. A maioria de n\u00f3s, num ponto qualquer da recupera\u00e7\u00e3o, experimentou sentimentos de solid\u00e3o ou de isolamento. H\u00e1 tamb\u00e9m adictos que se sentem isolados dos outros devido a defici\u00eancias auditivas, visuais ou outras. Assim, quer estejamos isolados emocional, f\u00edsica ou geograficamente, acreditamos que as sugest\u00f5es dadas neste folheto ajudar\u00e3o qualquer adicto a manter-se limpo e a encontrar um novo modo de vida.<\/p>\n","protected":false},"featured_media":530,"template":"","meta":[],"product_brand":[],"product_cat":[16],"product_tag":[],"class_list":{"0":"post-399","1":"product","2":"type-product","3":"status-publish","4":"has-post-thumbnail","6":"product_cat-folhetos","8":"first","9":"instock","10":"shipping-taxable","11":"purchasable","12":"product-type-simple","13":"customify-col"},"_links":{"self":[{"href":"https:\/\/literatura.na-pt.org\/en\/wp-json\/wp\/v2\/product\/399","targetHints":{"allow":["GET"]}}],"collection":[{"href":"https:\/\/literatura.na-pt.org\/en\/wp-json\/wp\/v2\/product"}],"about":[{"href":"https:\/\/literatura.na-pt.org\/en\/wp-json\/wp\/v2\/types\/product"}],"wp:featuredmedia":[{"embeddable":true,"href":"https:\/\/literatura.na-pt.org\/en\/wp-json\/wp\/v2\/media\/530"}],"wp:attachment":[{"href":"https:\/\/literatura.na-pt.org\/en\/wp-json\/wp\/v2\/media?parent=399"}],"wp:term":[{"taxonomy":"product_brand","embeddable":true,"href":"https:\/\/literatura.na-pt.org\/en\/wp-json\/wp\/v2\/product_brand?post=399"},{"taxonomy":"product_cat","embeddable":true,"href":"https:\/\/literatura.na-pt.org\/en\/wp-json\/wp\/v2\/product_cat?post=399"},{"taxonomy":"product_tag","embeddable":true,"href":"https:\/\/literatura.na-pt.org\/en\/wp-json\/wp\/v2\/product_tag?post=399"}],"curies":[{"name":"wp","href":"https:\/\/api.w.org\/{rel}","templated":true}]}}