{"id":397,"date":"2019-01-12T17:21:07","date_gmt":"2019-01-12T17:21:07","guid":{"rendered":"https:\/\/literatura.na-pt.org\/?post_type=product&#038;p=397"},"modified":"2026-03-25T19:37:04","modified_gmt":"2026-03-25T19:37:04","slug":"hospitais-instituicoes-e-o-membro-de-na","status":"publish","type":"product","link":"https:\/\/literatura.na-pt.org\/en\/loja\/folhetos\/hospitais-instituicoes-e-o-membro-de-na\/","title":{"rendered":"Hospitais, institui\u00e7\u00f5es e o membro de NA"},"content":{"rendered":"","protected":false},"excerpt":{"rendered":"<p>Sabemos que a adi\u00e7\u00e3o leva a &#8220;pris\u00f5es, hospitais e morte&#8221;, e que o objectivo primordial de NA \u00e9 o de transmitir a mensagem de recupera\u00e7\u00e3o ao adicto que ainda sofre. N\u00e3o surpreende, assim, que transmitir a mensagem dentro de hospitais e de institui\u00e7\u00f5es seja uma das nossas principais prioridades. Os membros de NA t\u00eam apoiado esta posi\u00e7\u00e3o ao constitu\u00edrem por todo o mundo comiss\u00f5es para hospitais e institui\u00e7\u00f5es (H&amp;I). Mas alguns membros de NA t\u00eam relut\u00e2ncia em se envolver em trabalho H&amp;I porque nunca estiveram hospitalizados ou internados numa institui\u00e7\u00e3o, ou porque receiam n\u00e3o ter nada para oferecer. Este folheto pretende ser uma breve introdu\u00e7\u00e3o ao trabalho de Narc\u00f3ticos An\u00f3nimos em hospitais e institui\u00e7\u00f5es, e encorajar mais membros a aproveitarem esta oportunidade para servir.<\/p>\n","protected":false},"featured_media":517,"template":"","meta":[],"product_brand":[],"product_cat":[16],"product_tag":[103,102],"class_list":{"0":"post-397","1":"product","2":"type-product","3":"status-publish","4":"has-post-thumbnail","6":"product_cat-folhetos","7":"product_tag-hi","8":"product_tag-servico","10":"first","11":"instock","12":"shipping-taxable","13":"purchasable","14":"product-type-simple","15":"customify-col"},"_links":{"self":[{"href":"https:\/\/literatura.na-pt.org\/en\/wp-json\/wp\/v2\/product\/397","targetHints":{"allow":["GET"]}}],"collection":[{"href":"https:\/\/literatura.na-pt.org\/en\/wp-json\/wp\/v2\/product"}],"about":[{"href":"https:\/\/literatura.na-pt.org\/en\/wp-json\/wp\/v2\/types\/product"}],"wp:featuredmedia":[{"embeddable":true,"href":"https:\/\/literatura.na-pt.org\/en\/wp-json\/wp\/v2\/media\/517"}],"wp:attachment":[{"href":"https:\/\/literatura.na-pt.org\/en\/wp-json\/wp\/v2\/media?parent=397"}],"wp:term":[{"taxonomy":"product_brand","embeddable":true,"href":"https:\/\/literatura.na-pt.org\/en\/wp-json\/wp\/v2\/product_brand?post=397"},{"taxonomy":"product_cat","embeddable":true,"href":"https:\/\/literatura.na-pt.org\/en\/wp-json\/wp\/v2\/product_cat?post=397"},{"taxonomy":"product_tag","embeddable":true,"href":"https:\/\/literatura.na-pt.org\/en\/wp-json\/wp\/v2\/product_tag?post=397"}],"curies":[{"name":"wp","href":"https:\/\/api.w.org\/{rel}","templated":true}]}}