{"id":395,"date":"2019-01-12T17:18:47","date_gmt":"2019-01-12T17:18:47","guid":{"rendered":"https:\/\/literatura.na-pt.org\/?post_type=product&#038;p=395"},"modified":"2026-03-24T13:58:49","modified_gmt":"2026-03-24T13:58:49","slug":"auto-aceitacao","status":"publish","type":"product","link":"https:\/\/literatura.na-pt.org\/en\/loja\/folhetos\/auto-aceitacao\/","title":{"rendered":"A auto-aceita\u00e7\u00e3o"},"content":{"rendered":"","protected":false},"excerpt":{"rendered":"<p>A auto-aceita\u00e7\u00e3o permite equil\u00edbrio na recupera\u00e7\u00e3o. N\u00e3o mais precisamos de procurar a aprova\u00e7\u00e3o dos outros, pois sentimo-nos satisfeitos por sermos n\u00f3s mesmos. Temos assim a liberdade de, com gratid\u00e3o, refor\u00e7armos as nossas qualidades e de, com humildade, afastarmos os nossos defeitos e nos esfor\u00e7armos pela melhor recupera\u00e7\u00e3o que estiver ao nosso alcance. Aceitarmo-nos como somos significa que est\u00e1 tudo bem, que n\u00e3o somos perfeitos, mas que podemos melhorar. Sabemos que temos a doen\u00e7a da adic\u00e7\u00e3o e que leva algum tempo a alcan\u00e7ar a auto-aceita\u00e7\u00e3o. N\u00e3o importa que as nossas vidas tenham descido muito baixo. Somos sempre aceites em Narc\u00f3ticos An\u00f3nimos.<\/p>\n","protected":false},"featured_media":505,"template":"","meta":[],"product_brand":[],"product_cat":[16],"product_tag":[],"class_list":{"0":"post-395","1":"product","2":"type-product","3":"status-publish","4":"has-post-thumbnail","6":"product_cat-folhetos","8":"first","9":"instock","10":"shipping-taxable","11":"purchasable","12":"product-type-simple","13":"customify-col"},"_links":{"self":[{"href":"https:\/\/literatura.na-pt.org\/en\/wp-json\/wp\/v2\/product\/395","targetHints":{"allow":["GET"]}}],"collection":[{"href":"https:\/\/literatura.na-pt.org\/en\/wp-json\/wp\/v2\/product"}],"about":[{"href":"https:\/\/literatura.na-pt.org\/en\/wp-json\/wp\/v2\/types\/product"}],"wp:featuredmedia":[{"embeddable":true,"href":"https:\/\/literatura.na-pt.org\/en\/wp-json\/wp\/v2\/media\/505"}],"wp:attachment":[{"href":"https:\/\/literatura.na-pt.org\/en\/wp-json\/wp\/v2\/media?parent=395"}],"wp:term":[{"taxonomy":"product_brand","embeddable":true,"href":"https:\/\/literatura.na-pt.org\/en\/wp-json\/wp\/v2\/product_brand?post=395"},{"taxonomy":"product_cat","embeddable":true,"href":"https:\/\/literatura.na-pt.org\/en\/wp-json\/wp\/v2\/product_cat?post=395"},{"taxonomy":"product_tag","embeddable":true,"href":"https:\/\/literatura.na-pt.org\/en\/wp-json\/wp\/v2\/product_tag?post=395"}],"curies":[{"name":"wp","href":"https:\/\/api.w.org\/{rel}","templated":true}]}}