{"id":393,"date":"2019-01-12T17:17:12","date_gmt":"2019-01-12T17:17:12","guid":{"rendered":"https:\/\/literatura.na-pt.org\/?post_type=product&#038;p=393"},"modified":"2026-03-24T13:58:50","modified_gmt":"2026-03-24T13:58:50","slug":"se-estas-em-tratamento","status":"publish","type":"product","link":"https:\/\/literatura.na-pt.org\/en\/loja\/folhetos\/se-estas-em-tratamento\/","title":{"rendered":"Se est\u00e1s em tratamento"},"content":{"rendered":"","protected":false},"excerpt":{"rendered":"<p>Este folheto \u00e9 uma introdu\u00e7\u00e3o ao processo de recupera\u00e7\u00e3o em Narc\u00f3ticos An\u00f3nimos. Representa a experi\u00eancia comum de adictos que est\u00e3o hoje em recupera\u00e7\u00e3o em NA. Enquanto estiveres em tratamento poder\u00e1s aprender algo acerca da doen\u00e7a da adi\u00e7\u00e3o e acerca dos Doze Passos de Narc\u00f3ticos An\u00f3nimos. O tratamento pode ajudar-te a come\u00e7ares uma vida liberta de drogas. O apoio de outros adictos em recupera\u00e7\u00e3o e de um continuado programa de recupera\u00e7\u00e3o, que inclua os Doze Passos de Narc\u00f3ticos An\u00f3nimos, podem ajudar-te a prosseguires a tua vida sem usares drogas. Neste folheto apresentamos algumas sugest\u00f5es que podem ajudar-te quando terminares o tratamento e prosseguires a tua recupera\u00e7\u00e3o em Narc\u00f3ticos An\u00f3nimos.<\/p>\n","protected":false},"featured_media":549,"template":"","meta":[],"product_brand":[],"product_cat":[16],"product_tag":[106,104],"class_list":{"0":"post-393","1":"product","2":"type-product","3":"status-publish","4":"has-post-thumbnail","6":"product_cat-folhetos","7":"product_tag-recem-chegado","8":"product_tag-rp","10":"first","11":"instock","12":"shipping-taxable","13":"purchasable","14":"product-type-simple","15":"customify-col"},"_links":{"self":[{"href":"https:\/\/literatura.na-pt.org\/en\/wp-json\/wp\/v2\/product\/393","targetHints":{"allow":["GET"]}}],"collection":[{"href":"https:\/\/literatura.na-pt.org\/en\/wp-json\/wp\/v2\/product"}],"about":[{"href":"https:\/\/literatura.na-pt.org\/en\/wp-json\/wp\/v2\/types\/product"}],"wp:featuredmedia":[{"embeddable":true,"href":"https:\/\/literatura.na-pt.org\/en\/wp-json\/wp\/v2\/media\/549"}],"wp:attachment":[{"href":"https:\/\/literatura.na-pt.org\/en\/wp-json\/wp\/v2\/media?parent=393"}],"wp:term":[{"taxonomy":"product_brand","embeddable":true,"href":"https:\/\/literatura.na-pt.org\/en\/wp-json\/wp\/v2\/product_brand?post=393"},{"taxonomy":"product_cat","embeddable":true,"href":"https:\/\/literatura.na-pt.org\/en\/wp-json\/wp\/v2\/product_cat?post=393"},{"taxonomy":"product_tag","embeddable":true,"href":"https:\/\/literatura.na-pt.org\/en\/wp-json\/wp\/v2\/product_tag?post=393"}],"curies":[{"name":"wp","href":"https:\/\/api.w.org\/{rel}","templated":true}]}}