{"id":391,"date":"2019-01-12T17:14:24","date_gmt":"2019-01-12T17:14:24","guid":{"rendered":"https:\/\/literatura.na-pt.org\/?post_type=product&#038;p=391"},"modified":"2026-03-25T19:37:05","modified_gmt":"2026-03-25T19:37:05","slug":"recem-chegado","status":"publish","type":"product","link":"https:\/\/literatura.na-pt.org\/en\/loja\/folhetos\/recem-chegado\/","title":{"rendered":"Para o rec\u00e9m-chegado"},"content":{"rendered":"","protected":false},"excerpt":{"rendered":"<p>Muitos de n\u00f3s tentaram vencer a adi\u00e7\u00e3o e por vezes conseguiram poss\u00edvel sentir algum al\u00edvio, geralmente seguido por um envolvimento ainda maior com as drogas.<br \/>\nAs circunst\u00e2ncias da realidade n\u00e3o importam. A adi\u00e7\u00e3o \u00e9 uma doen\u00e7a progressiva como a diabetes. Somos al\u00e9rgicos \u00e0s drogas. O fim \u00e9 sempre o mesmo: pris\u00f5es, hospitais ou a morte. Se perdeste o dom\u00ednio sobre a tua vida e queres viver sem a necessidade de usar drogas, n\u00f3s sabemos como.<br \/>\n&#8230;<br \/>\nVem \u00e0s nossas reuni\u00f5es, ouve com uma mente aberta, faz perguntas, arranja n\u00fameros de telefone e usa-os. Mant\u00e9m-te limpo s\u00f3 por hoje.<\/p>\n","protected":false},"featured_media":531,"template":"","meta":[],"product_brand":[],"product_cat":[16],"product_tag":[106],"class_list":{"0":"post-391","1":"product","2":"type-product","3":"status-publish","4":"has-post-thumbnail","6":"product_cat-folhetos","7":"product_tag-recem-chegado","9":"first","10":"instock","11":"featured","12":"shipping-taxable","13":"purchasable","14":"product-type-simple","15":"customify-col"},"_links":{"self":[{"href":"https:\/\/literatura.na-pt.org\/en\/wp-json\/wp\/v2\/product\/391","targetHints":{"allow":["GET"]}}],"collection":[{"href":"https:\/\/literatura.na-pt.org\/en\/wp-json\/wp\/v2\/product"}],"about":[{"href":"https:\/\/literatura.na-pt.org\/en\/wp-json\/wp\/v2\/types\/product"}],"wp:featuredmedia":[{"embeddable":true,"href":"https:\/\/literatura.na-pt.org\/en\/wp-json\/wp\/v2\/media\/531"}],"wp:attachment":[{"href":"https:\/\/literatura.na-pt.org\/en\/wp-json\/wp\/v2\/media?parent=391"}],"wp:term":[{"taxonomy":"product_brand","embeddable":true,"href":"https:\/\/literatura.na-pt.org\/en\/wp-json\/wp\/v2\/product_brand?post=391"},{"taxonomy":"product_cat","embeddable":true,"href":"https:\/\/literatura.na-pt.org\/en\/wp-json\/wp\/v2\/product_cat?post=391"},{"taxonomy":"product_tag","embeddable":true,"href":"https:\/\/literatura.na-pt.org\/en\/wp-json\/wp\/v2\/product_tag?post=391"}],"curies":[{"name":"wp","href":"https:\/\/api.w.org\/{rel}","templated":true}]}}