{"id":389,"date":"2019-01-12T17:11:46","date_gmt":"2019-01-12T17:11:46","guid":{"rendered":"https:\/\/literatura.na-pt.org\/?post_type=product&#038;p=389"},"modified":"2026-03-24T13:58:50","modified_gmt":"2026-03-24T13:58:50","slug":"informacao-publica","status":"publish","type":"product","link":"https:\/\/literatura.na-pt.org\/en\/loja\/folhetos\/informacao-publica\/","title":{"rendered":"A informa\u00e7\u00e3o p\u00fablica e o membro de NA"},"content":{"rendered":"","protected":false},"excerpt":{"rendered":"<p>O que \u00e9 informa\u00e7\u00e3o p\u00fablica?<br \/>\nO papel da comiss\u00e3o de IP \u00e9 o de assegurar que uma informa\u00e7\u00e3o clara e concisa sobre NA esteja ao dispor do p\u00fablico. A procura de informa\u00e7\u00e3o sobre a nossa irmandade \u00e9 maior do que nunca. Fazer parte de uma comiss\u00e3o que atrai para a nossa irmandade os adictos que sofrem constitui uma recompensa. Esta recompensa pode apenas ser sentida, n\u00e3o podendo ser expressa por palavras.<\/p>\n","protected":false},"featured_media":507,"template":"","meta":[],"product_brand":[],"product_cat":[16],"product_tag":[104,102],"class_list":{"0":"post-389","1":"product","2":"type-product","3":"status-publish","4":"has-post-thumbnail","6":"product_cat-folhetos","7":"product_tag-rp","8":"product_tag-servico","10":"first","11":"instock","12":"shipping-taxable","13":"purchasable","14":"product-type-simple","15":"customify-col"},"_links":{"self":[{"href":"https:\/\/literatura.na-pt.org\/en\/wp-json\/wp\/v2\/product\/389","targetHints":{"allow":["GET"]}}],"collection":[{"href":"https:\/\/literatura.na-pt.org\/en\/wp-json\/wp\/v2\/product"}],"about":[{"href":"https:\/\/literatura.na-pt.org\/en\/wp-json\/wp\/v2\/types\/product"}],"wp:featuredmedia":[{"embeddable":true,"href":"https:\/\/literatura.na-pt.org\/en\/wp-json\/wp\/v2\/media\/507"}],"wp:attachment":[{"href":"https:\/\/literatura.na-pt.org\/en\/wp-json\/wp\/v2\/media?parent=389"}],"wp:term":[{"taxonomy":"product_brand","embeddable":true,"href":"https:\/\/literatura.na-pt.org\/en\/wp-json\/wp\/v2\/product_brand?post=389"},{"taxonomy":"product_cat","embeddable":true,"href":"https:\/\/literatura.na-pt.org\/en\/wp-json\/wp\/v2\/product_cat?post=389"},{"taxonomy":"product_tag","embeddable":true,"href":"https:\/\/literatura.na-pt.org\/en\/wp-json\/wp\/v2\/product_tag?post=389"}],"curies":[{"name":"wp","href":"https:\/\/api.w.org\/{rel}","templated":true}]}}