{"id":387,"date":"2019-01-12T17:09:37","date_gmt":"2019-01-12T17:09:37","guid":{"rendered":"https:\/\/literatura.na-pt.org\/?post_type=product&#038;p=387"},"modified":"2026-03-25T19:37:04","modified_gmt":"2026-03-25T19:37:04","slug":"a-experiencia-de-um-adicto-com-a-aceitacao-a-fe-e-a-entrega","status":"publish","type":"product","link":"https:\/\/literatura.na-pt.org\/en\/loja\/folhetos\/a-experiencia-de-um-adicto-com-a-aceitacao-a-fe-e-a-entrega\/","title":{"rendered":"A experi\u00eancia de um adicto com a aceita\u00e7\u00e3o, a f\u00e9 e a entrega"},"content":{"rendered":"","protected":false},"excerpt":{"rendered":"<p>Ao reparar os danos que causei a outras pessoas, aprendi a perdoar, a perdoar-me a mim mesmo e a perdoar os outros.<br \/>\nRevejo regularmente o meu comportamento e, assim que posso, corrijo os meus erros. Desenvolvo e aumento constantemente a minha confian\u00e7a e a minha f\u00e9 em princ\u00edpios espirituais. Dou aos outros, partilho sobre mim mesmo, partilho o nosso programa, tento viver os princ\u00edpios que aprendi.<br \/>\nEstes Doze Passos permitiram que eu deixasse de usar, tiraram-me o desejo de usar, deram-me um novo modo de vida.<\/p>\n","protected":false},"featured_media":506,"template":"","meta":[],"product_brand":[],"product_cat":[16],"product_tag":[],"class_list":{"0":"post-387","1":"product","2":"type-product","3":"status-publish","4":"has-post-thumbnail","6":"product_cat-folhetos","8":"first","9":"instock","10":"shipping-taxable","11":"purchasable","12":"product-type-simple","13":"customify-col"},"_links":{"self":[{"href":"https:\/\/literatura.na-pt.org\/en\/wp-json\/wp\/v2\/product\/387","targetHints":{"allow":["GET"]}}],"collection":[{"href":"https:\/\/literatura.na-pt.org\/en\/wp-json\/wp\/v2\/product"}],"about":[{"href":"https:\/\/literatura.na-pt.org\/en\/wp-json\/wp\/v2\/types\/product"}],"wp:featuredmedia":[{"embeddable":true,"href":"https:\/\/literatura.na-pt.org\/en\/wp-json\/wp\/v2\/media\/506"}],"wp:attachment":[{"href":"https:\/\/literatura.na-pt.org\/en\/wp-json\/wp\/v2\/media?parent=387"}],"wp:term":[{"taxonomy":"product_brand","embeddable":true,"href":"https:\/\/literatura.na-pt.org\/en\/wp-json\/wp\/v2\/product_brand?post=387"},{"taxonomy":"product_cat","embeddable":true,"href":"https:\/\/literatura.na-pt.org\/en\/wp-json\/wp\/v2\/product_cat?post=387"},{"taxonomy":"product_tag","embeddable":true,"href":"https:\/\/literatura.na-pt.org\/en\/wp-json\/wp\/v2\/product_tag?post=387"}],"curies":[{"name":"wp","href":"https:\/\/api.w.org\/{rel}","templated":true}]}}