{"id":385,"date":"2019-01-12T17:08:10","date_gmt":"2019-01-12T17:08:10","guid":{"rendered":"https:\/\/literatura.na-pt.org\/?post_type=product&#038;p=385"},"modified":"2026-03-25T19:37:04","modified_gmt":"2026-03-25T19:37:04","slug":"os-jovens-e-a-recuperacao","status":"publish","type":"product","link":"https:\/\/literatura.na-pt.org\/en\/loja\/folhetos\/os-jovens-e-a-recuperacao\/","title":{"rendered":"De jovens adictos para jovens adictos"},"content":{"rendered":"","protected":false},"excerpt":{"rendered":"<p>Compreendemos que as nossas vidas estavam a destruir-se devido \u00e0 nossa adic\u00e7\u00e3o. T\u00ednhamos de aceitar esse facto antes de podermos sentir qualquer al\u00edvio. Finalmente compreendemos que nunca poder\u00edamos ser felizes com a vida que est\u00e1vamos a levar. Usar drogas tornara-se para n\u00f3s um modo de vida, e fart\u00e1mo-nos de nos magoar a n\u00f3s pr\u00f3prios. Us\u00e1vamos para viver e viv\u00edamos para usar. O nosso uso de drogas, e tudo o que lhe estava relacionado, estava a matar-nos lentamente, e a dor aumentava. T\u00ednhamos de tomar uma decis\u00e3o dif\u00edcil, ainda que fossem os jovens e tivessem os uma vida inteira \u00e0 nossa frente.<\/p>\n","protected":false},"featured_media":518,"template":"","meta":[],"product_brand":[],"product_cat":[16],"product_tag":[],"class_list":{"0":"post-385","1":"product","2":"type-product","3":"status-publish","4":"has-post-thumbnail","6":"product_cat-folhetos","8":"first","9":"instock","10":"shipping-taxable","11":"purchasable","12":"product-type-simple","13":"customify-col"},"_links":{"self":[{"href":"https:\/\/literatura.na-pt.org\/en\/wp-json\/wp\/v2\/product\/385","targetHints":{"allow":["GET"]}}],"collection":[{"href":"https:\/\/literatura.na-pt.org\/en\/wp-json\/wp\/v2\/product"}],"about":[{"href":"https:\/\/literatura.na-pt.org\/en\/wp-json\/wp\/v2\/types\/product"}],"wp:featuredmedia":[{"embeddable":true,"href":"https:\/\/literatura.na-pt.org\/en\/wp-json\/wp\/v2\/media\/518"}],"wp:attachment":[{"href":"https:\/\/literatura.na-pt.org\/en\/wp-json\/wp\/v2\/media?parent=385"}],"wp:term":[{"taxonomy":"product_brand","embeddable":true,"href":"https:\/\/literatura.na-pt.org\/en\/wp-json\/wp\/v2\/product_brand?post=385"},{"taxonomy":"product_cat","embeddable":true,"href":"https:\/\/literatura.na-pt.org\/en\/wp-json\/wp\/v2\/product_cat?post=385"},{"taxonomy":"product_tag","embeddable":true,"href":"https:\/\/literatura.na-pt.org\/en\/wp-json\/wp\/v2\/product_tag?post=385"}],"curies":[{"name":"wp","href":"https:\/\/api.w.org\/{rel}","templated":true}]}}