{"id":378,"date":"2018-12-13T15:54:31","date_gmt":"2018-12-13T15:54:31","guid":{"rendered":"https:\/\/literatura.na-pt.org\/?post_type=product&#038;p=378"},"modified":"2026-03-25T19:37:05","modified_gmt":"2026-03-25T19:37:05","slug":"o-triangulo-da-auto-obsessao","status":"publish","type":"product","link":"https:\/\/literatura.na-pt.org\/en\/loja\/folhetos\/o-triangulo-da-auto-obsessao\/","title":{"rendered":"O tri\u00e2ngulo da auto-obsess\u00e3o"},"content":{"rendered":"","protected":false},"excerpt":{"rendered":"<p>Quando nascemos, estamos conscientes apenas de n\u00f3s mesmos. Somos n\u00f3s o universo. Apercebemo-nos de pouco mais al\u00e9m das nossas necessidades b\u00e1sicas e contentamo-nos se estas forem satisfeitas. \u00c0 medida que a nossa consci\u00eancia se alarga, descobrimos todo um mundo fora de n\u00f3s mesmos. Descobrimos que \u00e0 nossa volta existem pessoas, lugares e coisas que satisfazem as nossas necessidades. Come\u00e7amos tamb\u00e9m a reconhecer diferen\u00e7as e a desenvolver prefer\u00eancias. Somos o centro de um universo em expans\u00e3o e esperamos conseguir tudo aquilo que queremos e de que necessitamos. A fonte do nosso contentamento \u00e9 transferida das necessidades prim\u00e1rias, satisfeitas como que por milagre, para o cumprimento dos nossos desejos.<\/p>\n","protected":false},"featured_media":554,"template":"","meta":[],"product_brand":[],"product_cat":[16],"product_tag":[],"class_list":{"0":"post-378","1":"product","2":"type-product","3":"status-publish","4":"has-post-thumbnail","6":"product_cat-folhetos","8":"first","9":"instock","10":"shipping-taxable","11":"purchasable","12":"product-type-simple","13":"customify-col"},"_links":{"self":[{"href":"https:\/\/literatura.na-pt.org\/en\/wp-json\/wp\/v2\/product\/378","targetHints":{"allow":["GET"]}}],"collection":[{"href":"https:\/\/literatura.na-pt.org\/en\/wp-json\/wp\/v2\/product"}],"about":[{"href":"https:\/\/literatura.na-pt.org\/en\/wp-json\/wp\/v2\/types\/product"}],"wp:featuredmedia":[{"embeddable":true,"href":"https:\/\/literatura.na-pt.org\/en\/wp-json\/wp\/v2\/media\/554"}],"wp:attachment":[{"href":"https:\/\/literatura.na-pt.org\/en\/wp-json\/wp\/v2\/media?parent=378"}],"wp:term":[{"taxonomy":"product_brand","embeddable":true,"href":"https:\/\/literatura.na-pt.org\/en\/wp-json\/wp\/v2\/product_brand?post=378"},{"taxonomy":"product_cat","embeddable":true,"href":"https:\/\/literatura.na-pt.org\/en\/wp-json\/wp\/v2\/product_cat?post=378"},{"taxonomy":"product_tag","embeddable":true,"href":"https:\/\/literatura.na-pt.org\/en\/wp-json\/wp\/v2\/product_tag?post=378"}],"curies":[{"name":"wp","href":"https:\/\/api.w.org\/{rel}","templated":true}]}}