{"id":376,"date":"2018-12-13T15:52:41","date_gmt":"2018-12-13T15:52:41","guid":{"rendered":"https:\/\/literatura.na-pt.org\/?post_type=product&#038;p=376"},"modified":"2026-03-25T19:37:05","modified_gmt":"2026-03-25T19:37:05","slug":"o-apadrinhamento","status":"publish","type":"product","link":"https:\/\/literatura.na-pt.org\/en\/loja\/folhetos\/o-apadrinhamento\/","title":{"rendered":"O apadrinhamento"},"content":{"rendered":"","protected":false},"excerpt":{"rendered":"<p>Este folheto, baseado nas nossas experi\u00eancias colectivas, responde a algumas das quest\u00f5es colocadas com maior frequ\u00eancia sobre o apadrinhamento. Embora esteja aqui contida a informa\u00e7\u00e3o essencial sobre o apadrinhamento, este folheto n\u00e3o \u00e9 de todo exaustivo. Cont\u00e9m, antes, uma explica\u00e7\u00e3o simples de um instrumento vital no nosso programa de recupera\u00e7\u00e3o.<br \/>\n&#8220;O apadrinhamento est\u00e1 no centro da recupera\u00e7\u00e3o em NA &#8211; um adicto ajudando outro adicto.&#8221; &#8220;O apadrinhamento \u00e9 tamb\u00e9m um caminho de dois sentidos, ajudando tanto o rec\u00e9m-chegado como aquele que est\u00e1 h\u00e1 j\u00e1 mais tempo em recupera\u00e7\u00e3o.&#8221;<\/p>\n<p>A minha gratid\u00e3o fala&#8230;<br \/>\nquando me interesso<br \/>\ne quando partilho<br \/>\ncom os outros<br \/>\no caminho de NA<\/p>\n","protected":false},"featured_media":528,"template":"","meta":[],"product_brand":[],"product_cat":[16],"product_tag":[],"class_list":{"0":"post-376","1":"product","2":"type-product","3":"status-publish","4":"has-post-thumbnail","6":"product_cat-folhetos","8":"first","9":"instock","10":"shipping-taxable","11":"purchasable","12":"product-type-simple","13":"customify-col"},"_links":{"self":[{"href":"https:\/\/literatura.na-pt.org\/en\/wp-json\/wp\/v2\/product\/376","targetHints":{"allow":["GET"]}}],"collection":[{"href":"https:\/\/literatura.na-pt.org\/en\/wp-json\/wp\/v2\/product"}],"about":[{"href":"https:\/\/literatura.na-pt.org\/en\/wp-json\/wp\/v2\/types\/product"}],"wp:featuredmedia":[{"embeddable":true,"href":"https:\/\/literatura.na-pt.org\/en\/wp-json\/wp\/v2\/media\/528"}],"wp:attachment":[{"href":"https:\/\/literatura.na-pt.org\/en\/wp-json\/wp\/v2\/media?parent=376"}],"wp:term":[{"taxonomy":"product_brand","embeddable":true,"href":"https:\/\/literatura.na-pt.org\/en\/wp-json\/wp\/v2\/product_brand?post=376"},{"taxonomy":"product_cat","embeddable":true,"href":"https:\/\/literatura.na-pt.org\/en\/wp-json\/wp\/v2\/product_cat?post=376"},{"taxonomy":"product_tag","embeddable":true,"href":"https:\/\/literatura.na-pt.org\/en\/wp-json\/wp\/v2\/product_tag?post=376"}],"curies":[{"name":"wp","href":"https:\/\/api.w.org\/{rel}","templated":true}]}}