{"id":374,"date":"2018-12-13T15:50:47","date_gmt":"2018-12-13T15:50:47","guid":{"rendered":"https:\/\/literatura.na-pt.org\/?post_type=product&#038;p=374"},"modified":"2026-03-25T19:37:05","modified_gmt":"2026-03-25T19:37:05","slug":"viver-o-programa","status":"publish","type":"product","link":"https:\/\/literatura.na-pt.org\/en\/loja\/folhetos\/viver-o-programa\/","title":{"rendered":"Viver o programa"},"content":{"rendered":"","protected":false},"excerpt":{"rendered":"<p>Um exemplo de um invent\u00e1rio di\u00e1rio de NA<\/p>\n<p>O objectivo deste invent\u00e1rio di\u00e1rio \u00e9 ver quem somos e o que fazemos &#8211; hoje.<br \/>\nTenta responder a todas as perguntas, todos os dias. Mant\u00e9m as tuas respostas o mais simples e honestas que puderes. Se falhares um dia, n\u00e3o o inventes mais tarde.<br \/>\nLimita as tuas respostas \u00e0s \u00faltimas 24 horas e completa as perguntas no fim do dia.<br \/>\nSe desejares partilhar este invent\u00e1rio com algu\u00e9m, sugerimos que o fa\u00e7as oralmente.<br \/>\nLembra-te de que um invent\u00e1rio di\u00e1rio n\u00e3o \u00e9 um teste; n\u00e3o existem respostas certas ou erradas. N\u00e3o fiques preocupado caso pudesses ter feito melhor ou caso tenhas falhado as expectativas que tinhas de ti mesmo. Lembra-te, este \u00e9 um programa de crescimento e de recupera\u00e7\u00e3o. Se estiveres limpo por hoje, \u00e9 porque est\u00e1s a fazer algo certo.<\/p>\n","protected":false},"featured_media":557,"template":"","meta":[],"product_brand":[],"product_cat":[16],"product_tag":[],"class_list":{"0":"post-374","1":"product","2":"type-product","3":"status-publish","4":"has-post-thumbnail","6":"product_cat-folhetos","8":"first","9":"instock","10":"shipping-taxable","11":"purchasable","12":"product-type-simple","13":"customify-col"},"_links":{"self":[{"href":"https:\/\/literatura.na-pt.org\/en\/wp-json\/wp\/v2\/product\/374","targetHints":{"allow":["GET"]}}],"collection":[{"href":"https:\/\/literatura.na-pt.org\/en\/wp-json\/wp\/v2\/product"}],"about":[{"href":"https:\/\/literatura.na-pt.org\/en\/wp-json\/wp\/v2\/types\/product"}],"wp:featuredmedia":[{"embeddable":true,"href":"https:\/\/literatura.na-pt.org\/en\/wp-json\/wp\/v2\/media\/557"}],"wp:attachment":[{"href":"https:\/\/literatura.na-pt.org\/en\/wp-json\/wp\/v2\/media?parent=374"}],"wp:term":[{"taxonomy":"product_brand","embeddable":true,"href":"https:\/\/literatura.na-pt.org\/en\/wp-json\/wp\/v2\/product_brand?post=374"},{"taxonomy":"product_cat","embeddable":true,"href":"https:\/\/literatura.na-pt.org\/en\/wp-json\/wp\/v2\/product_cat?post=374"},{"taxonomy":"product_tag","embeddable":true,"href":"https:\/\/literatura.na-pt.org\/en\/wp-json\/wp\/v2\/product_tag?post=374"}],"curies":[{"name":"wp","href":"https:\/\/api.w.org\/{rel}","templated":true}]}}