{"id":372,"date":"2018-12-13T15:46:55","date_gmt":"2018-12-13T15:46:55","guid":{"rendered":"https:\/\/literatura.na-pt.org\/?post_type=product&#038;p=372"},"modified":"2026-03-25T19:37:05","modified_gmt":"2026-03-25T19:37:05","slug":"so-por-hoje-folheto","status":"publish","type":"product","link":"https:\/\/literatura.na-pt.org\/en\/loja\/folhetos\/so-por-hoje-folheto\/","title":{"rendered":"S\u00f3 por hoje"},"content":{"rendered":"<p><a href=\"https:\/\/www.na.org\/?ID=PO3108.pdf\">PO3108 &#8211; S\u00f3 por hoje &#8211; PDF<\/a><\/p>\n","protected":false},"excerpt":{"rendered":"<p>N\u00e3o haver\u00e1 nada a recear se durante o dia de hoje nos mantivermos limpos de drogas, perto do nosso Poder Superior e dos nossos amigos de NA. Deus perdoou-nos os erros do passado, e o dia de amanh\u00e3 ainda n\u00e3o chegou. A medita\u00e7\u00e3o e um invent\u00e1rio pessoal ir\u00e3o ajudar-nos a ganhar serenidade e a percorrer o caminho do dia. Guardamos alguns momentos da nossa rotina di\u00e1ria para agradecer a Deus, na forma em que O concebemos, por nos dar a capacidade para lidar com o dia. &#8220;S\u00f3 por hoje&#8221; aplica-se a todas as \u00e1reas da nossa vida, n\u00e3o s\u00f3 \u00e0 abstin\u00eancia de drogas. Temos de lidar diariamente com a realidade. Muitos de n\u00f3s sentimos que Deus n\u00e3o espera mais de n\u00f3s sen\u00e3o que fa\u00e7amos hoje aquilo que pudermos fazer.<br \/>\n&#8230;<br \/>\n\u00c9 bom lembrarmo-nos de que qualquer adicto que consegue manter-se limpo de drogas por um dia \u00e9 um milagre. Ir a reuni\u00f5es, praticar os Passos, meditar diariamente, falar com pessoas que estejam no programa, s\u00e3o coisas que fazemos para nos mantermos espiritualmente saud\u00e1veis. Torna-se poss\u00edvel viver uma vida respons\u00e1vel.<br \/>\nPodemos substituir a solid\u00e3o e o medo pela confian\u00e7a em NA e pela seguran\u00e7a de um novo modo de vida. N\u00e3o mais precisamos de estar s\u00f3s. Em NA fizemos mais amizades verdadeiras do que alguma vez julg\u00e1vamos poss\u00edvel. A autopiedade e os ressentimentos s\u00e3o substituidos pela toler\u00e2ncia e pela f\u00e9. S\u00e3o-nos dadas a liberdade, a serenidade e a felicidade que t\u00e3o desesperadamente procur\u00e1mos.<\/p>\n","protected":false},"featured_media":552,"template":"","meta":[],"product_brand":[],"product_cat":[16],"product_tag":[],"class_list":{"0":"post-372","1":"product","2":"type-product","3":"status-publish","4":"has-post-thumbnail","6":"product_cat-folhetos","8":"first","9":"instock","10":"shipping-taxable","11":"purchasable","12":"product-type-simple","13":"customify-col"},"_links":{"self":[{"href":"https:\/\/literatura.na-pt.org\/en\/wp-json\/wp\/v2\/product\/372","targetHints":{"allow":["GET"]}}],"collection":[{"href":"https:\/\/literatura.na-pt.org\/en\/wp-json\/wp\/v2\/product"}],"about":[{"href":"https:\/\/literatura.na-pt.org\/en\/wp-json\/wp\/v2\/types\/product"}],"wp:featuredmedia":[{"embeddable":true,"href":"https:\/\/literatura.na-pt.org\/en\/wp-json\/wp\/v2\/media\/552"}],"wp:attachment":[{"href":"https:\/\/literatura.na-pt.org\/en\/wp-json\/wp\/v2\/media?parent=372"}],"wp:term":[{"taxonomy":"product_brand","embeddable":true,"href":"https:\/\/literatura.na-pt.org\/en\/wp-json\/wp\/v2\/product_brand?post=372"},{"taxonomy":"product_cat","embeddable":true,"href":"https:\/\/literatura.na-pt.org\/en\/wp-json\/wp\/v2\/product_cat?post=372"},{"taxonomy":"product_tag","embeddable":true,"href":"https:\/\/literatura.na-pt.org\/en\/wp-json\/wp\/v2\/product_tag?post=372"}],"curies":[{"name":"wp","href":"https:\/\/api.w.org\/{rel}","templated":true}]}}