{"id":32,"date":"2017-11-21T12:20:04","date_gmt":"2017-11-21T12:20:04","guid":{"rendered":"http:\/\/www.drivewide.pt\/naliter\/?post_type=product&#038;p=32"},"modified":"2026-03-14T18:54:35","modified_gmt":"2026-03-14T18:54:35","slug":"em-tempos-de-doenca","status":"publish","type":"product","link":"https:\/\/literatura.na-pt.org\/en\/loja\/livretes\/em-tempos-de-doenca\/","title":{"rendered":"Em Tempos de Doen\u00e7a"},"content":{"rendered":"<p>Estarmos em recupera\u00e7\u00e3o n\u00e3o significa que estejamos livres de termos de viver a vida tal como ela \u00e9. Em Narc\u00f3ticos An\u00f3nimos podemos aprender a aceitar a realidade da vida, que por vezes traz consigo doen\u00e7as ou ferimentos graves. Aprendemos em NA que podemos aplicar princ\u00edpios espirituais para nos ajudarem a atravessar esses tempos dif\u00edceis. Quando admitimos a nossa impot\u00eancia, podemos aceitar a nossa doen\u00e7a e qualquer tratamento m\u00e9dico que seja necess\u00e1rio. Admitirmos que somos tamb\u00e9m impotentes perante os sentimentos que atravessamos quando estamos doentes, poder\u00e1 ajudar-nos.<br \/>\nAs doen\u00e7as ou os ferimentos graves provocam uma ansiedade que pode colocar-nos em risco de reca\u00edda. Muitas vezes precisamos ainda mais do programa de NA quando somos confrontados com uma doen\u00e7a. Podemos preparar-nos para esses per\u00edodos de tens\u00e3o dando o nosso melhor em cada dia, de forma a estabelecer uma base s\u00f3lida em recupera\u00e7\u00e3o. Os passos que dermos hoje ir\u00e3o ser-nos \u00fateis quando precisarmos deles.<br \/>\nA aceita\u00e7\u00e3o da doen\u00e7a constitui um processo no qual geralmente sentimos nega\u00e7\u00e3o, conflito, raiva, perda, rendi\u00e7\u00e3o e aceita\u00e7\u00e3o. \u00c9 reconfortante sabermos que essas etapas s\u00e3o uma parte normal deste processo. A aceita\u00e7\u00e3o de algo n\u00e3o significa obrigatoriamente que gostemos do que aconte\u00e7a &#8211; podemos n\u00e3o gostar de algo e mesmo assim aceit\u00e1-lo.<\/p>\n","protected":false},"excerpt":{"rendered":"<p>Estarmos em recupera\u00e7\u00e3o n\u00e3o significa que estejamos livres de termos de viver a vida tal como ela \u00e9. Em Narc\u00f3ticos An\u00f3nimos podemos aprender a aceitar&hellip;<\/p>\n","protected":false},"featured_media":611,"template":"","meta":[],"product_brand":[],"product_cat":[17],"product_tag":[],"class_list":{"0":"post-32","1":"product","2":"type-product","3":"status-publish","4":"has-post-thumbnail","6":"product_cat-livretes","8":"first","9":"instock","10":"purchasable","11":"product-type-simple","12":"customify-col"},"_links":{"self":[{"href":"https:\/\/literatura.na-pt.org\/en\/wp-json\/wp\/v2\/product\/32","targetHints":{"allow":["GET"]}}],"collection":[{"href":"https:\/\/literatura.na-pt.org\/en\/wp-json\/wp\/v2\/product"}],"about":[{"href":"https:\/\/literatura.na-pt.org\/en\/wp-json\/wp\/v2\/types\/product"}],"wp:featuredmedia":[{"embeddable":true,"href":"https:\/\/literatura.na-pt.org\/en\/wp-json\/wp\/v2\/media\/611"}],"wp:attachment":[{"href":"https:\/\/literatura.na-pt.org\/en\/wp-json\/wp\/v2\/media?parent=32"}],"wp:term":[{"taxonomy":"product_brand","embeddable":true,"href":"https:\/\/literatura.na-pt.org\/en\/wp-json\/wp\/v2\/product_brand?post=32"},{"taxonomy":"product_cat","embeddable":true,"href":"https:\/\/literatura.na-pt.org\/en\/wp-json\/wp\/v2\/product_cat?post=32"},{"taxonomy":"product_tag","embeddable":true,"href":"https:\/\/literatura.na-pt.org\/en\/wp-json\/wp\/v2\/product_tag?post=32"}],"curies":[{"name":"wp","href":"https:\/\/api.w.org\/{rel}","templated":true}]}}