{"id":30,"date":"2017-11-21T12:14:05","date_gmt":"2017-11-21T12:14:05","guid":{"rendered":"http:\/\/www.drivewide.pt\/naliter\/?post_type=product&#038;p=30"},"modified":"2026-03-25T19:37:05","modified_gmt":"2026-03-25T19:37:05","slug":"o-grupo","status":"publish","type":"product","link":"https:\/\/literatura.na-pt.org\/en\/loja\/folhetos\/o-grupo\/","title":{"rendered":"O Grupo"},"content":{"rendered":"<p>&#8220;&#8230;<br \/>\nEscolher e apoiar um grupo-base \u00e9 uma parte importante da recupera\u00e7\u00e3o. Um grupo-base \u00e9 uma reuni\u00e3o onde te sintas \u00e0 vontade e que possas frequentar regularmente. Chamamos-lhe grupo-base pois sugere um local onde nos adaptamos e ao qual pertencemos. Ter um grupo-base d\u00e1-nos a possibilidade de podermos conhecer pessoas e de elas poderem conhecer-nos a n\u00f3s. Desenvolvemos um elo comum \u00e0 medida que crescemos juntos. Comprometemo-nos com o nosso grupo-base e se por qualquer raz\u00e3o n\u00e3o comparecemos, a nossa aus\u00eancia ser\u00e1 notada. O nosso grupo-base \u00e9 tamb\u00e9m o local onde comemoramos cada novo ano de tempo limpo. Construimos verdadeiras amizades, muitas vezes pela primeira vez nas nossas vidas, e aprendemos a respeitar-nos uns aos outros. Isto pode ser muito importante na nossa recupera\u00e7\u00e3o. \u00c0 medida que os membros se fortalecem, o mesmo acontece ao grupo. Aprendemos a praticar os princ\u00edpios espirituais de Narc\u00f3ticos An\u00f3nimos em todas as nossas actividades. Aprendemos tamb\u00e9m a dividir e a partilhar as responsabilidades pelo crescimento e pelo bem-estar do grupo. Os membros do grupo-base dever\u00e3o tentar manter-se atentos aos problemas ou \u00e0s dificuldades que o seu grupo enfrente, e estar prontos a ajudar. \u00c9 no grupo-base que votas como membro da consci\u00eancia de grupo em assuntos que dizem respeito a NA no seu todo, bem como em assuntos respeitantes ao bem-estar do grupo. Os grupos-base participam tamb\u00e9m na transmiss\u00e3o da mensagem de recupera\u00e7\u00e3o ao n\u00edvel da \u00e1rea. No esp\u00edrito de unidade e de prop\u00f3sito comum, pelo bem de NA como um todo, \u00e9 importante que cada um fa\u00e7a a sua parte.<br \/>\n&#8230;&#8221;<\/p>\n","protected":false},"excerpt":{"rendered":"<p>&#8220;&#8230; Escolher e apoiar um grupo-base \u00e9 uma parte importante da recupera\u00e7\u00e3o. Um grupo-base \u00e9 uma reuni\u00e3o onde te sintas \u00e0 vontade e que possas&hellip;<\/p>\n","protected":false},"featured_media":529,"template":"","meta":[],"product_brand":[],"product_cat":[16],"product_tag":[],"class_list":{"0":"post-30","1":"product","2":"type-product","3":"status-publish","4":"has-post-thumbnail","6":"product_cat-folhetos","8":"first","9":"instock","10":"shipping-taxable","11":"purchasable","12":"product-type-simple","13":"customify-col"},"_links":{"self":[{"href":"https:\/\/literatura.na-pt.org\/en\/wp-json\/wp\/v2\/product\/30","targetHints":{"allow":["GET"]}}],"collection":[{"href":"https:\/\/literatura.na-pt.org\/en\/wp-json\/wp\/v2\/product"}],"about":[{"href":"https:\/\/literatura.na-pt.org\/en\/wp-json\/wp\/v2\/types\/product"}],"wp:featuredmedia":[{"embeddable":true,"href":"https:\/\/literatura.na-pt.org\/en\/wp-json\/wp\/v2\/media\/529"}],"wp:attachment":[{"href":"https:\/\/literatura.na-pt.org\/en\/wp-json\/wp\/v2\/media?parent=30"}],"wp:term":[{"taxonomy":"product_brand","embeddable":true,"href":"https:\/\/literatura.na-pt.org\/en\/wp-json\/wp\/v2\/product_brand?post=30"},{"taxonomy":"product_cat","embeddable":true,"href":"https:\/\/literatura.na-pt.org\/en\/wp-json\/wp\/v2\/product_cat?post=30"},{"taxonomy":"product_tag","embeddable":true,"href":"https:\/\/literatura.na-pt.org\/en\/wp-json\/wp\/v2\/product_tag?post=30"}],"curies":[{"name":"wp","href":"https:\/\/api.w.org\/{rel}","templated":true}]}}