{"id":28,"date":"2017-11-21T12:12:00","date_gmt":"2017-11-21T12:12:00","guid":{"rendered":"http:\/\/www.drivewide.pt\/naliter\/?post_type=product&#038;p=28"},"modified":"2026-03-25T19:37:05","modified_gmt":"2026-03-25T19:37:05","slug":"quem-o-que-como-e-porque","status":"publish","type":"product","link":"https:\/\/literatura.na-pt.org\/en\/loja\/folhetos\/quem-o-que-como-e-porque\/","title":{"rendered":"Quem, o qu\u00ea, como e porqu\u00ea"},"content":{"rendered":"<p>Este folheto re\u00fane os cap\u00edtulos extra\u00eddos do Livro Branco:<\/p>\n<ul>\n<li>Quem \u00e9 um adicto?<\/li>\n<li>O que \u00e9 o Programa de Narc\u00f3ticos An\u00f3nimos?<\/li>\n<li>Porque estamos aqui?<\/li>\n<li>Como funciona<\/li>\n<li>As Doze Tradi\u00e7\u00f5es de Narc\u00f3ticos An\u00f3nimos<\/li>\n<\/ul>\n<p>\u00c9 tamb\u00e9m uma pe\u00e7a integrante das leituras de grupo.<\/p>\n","protected":false},"excerpt":{"rendered":"<p>Este folheto re\u00fane os cap\u00edtulos extra\u00eddos do Livro Branco: Quem \u00e9 um adicto? O que \u00e9 o Programa de Narc\u00f3ticos An\u00f3nimos? Porque estamos aqui? Como&hellip;<\/p>\n","protected":false},"featured_media":545,"template":"","meta":[],"product_brand":[],"product_cat":[16],"product_tag":[],"class_list":{"0":"post-28","1":"product","2":"type-product","3":"status-publish","4":"has-post-thumbnail","6":"product_cat-folhetos","8":"first","9":"instock","10":"shipping-taxable","11":"purchasable","12":"product-type-simple","13":"customify-col"},"_links":{"self":[{"href":"https:\/\/literatura.na-pt.org\/en\/wp-json\/wp\/v2\/product\/28","targetHints":{"allow":["GET"]}}],"collection":[{"href":"https:\/\/literatura.na-pt.org\/en\/wp-json\/wp\/v2\/product"}],"about":[{"href":"https:\/\/literatura.na-pt.org\/en\/wp-json\/wp\/v2\/types\/product"}],"wp:featuredmedia":[{"embeddable":true,"href":"https:\/\/literatura.na-pt.org\/en\/wp-json\/wp\/v2\/media\/545"}],"wp:attachment":[{"href":"https:\/\/literatura.na-pt.org\/en\/wp-json\/wp\/v2\/media?parent=28"}],"wp:term":[{"taxonomy":"product_brand","embeddable":true,"href":"https:\/\/literatura.na-pt.org\/en\/wp-json\/wp\/v2\/product_brand?post=28"},{"taxonomy":"product_cat","embeddable":true,"href":"https:\/\/literatura.na-pt.org\/en\/wp-json\/wp\/v2\/product_cat?post=28"},{"taxonomy":"product_tag","embeddable":true,"href":"https:\/\/literatura.na-pt.org\/en\/wp-json\/wp\/v2\/product_tag?post=28"}],"curies":[{"name":"wp","href":"https:\/\/api.w.org\/{rel}","templated":true}]}}