{"id":26,"date":"2017-11-21T12:06:55","date_gmt":"2017-11-21T12:06:55","guid":{"rendered":"http:\/\/www.drivewide.pt\/naliter\/?post_type=product&#038;p=26"},"modified":"2026-04-03T20:53:48","modified_gmt":"2026-04-03T20:53:48","slug":"so-por-hoje","status":"publish","type":"product","link":"https:\/\/literatura.na-pt.org\/en\/loja\/livros\/so-por-hoje\/","title":{"rendered":"S\u00f3 Por Hoje"},"content":{"rendered":"<p>O prop\u00f3sito do S\u00f3 por hoje \u00e9 o de providenciar uma larga variedade de t\u00f3picos de medita\u00e7\u00e3o para adictos em recupera\u00e7\u00e3o. Esses t\u00f3picos ir\u00e3o desde os instrumentos b\u00e1sicos da recupera\u00e7\u00e3o at\u00e9 \u00e0 vasta gama de conceitos espirituais intang\u00edveis existentes. O livro destina-se a pessoas em qualquer e em todas as fases de recupera\u00e7\u00e3o, n\u00e3o importa qual o seu tempo limpo. Esperamos que ele consiga transmitir, encorajar, e mesmo inspirar a alegria inerente a recupera\u00e7\u00e3o. Ao incluirmos deliberadamente um amplo leque de pontos de vista, de conceitos, e de quest\u00f5es, esperamos ter englobado a diversidade da nossa irmandade e dar a cada indiv\u00edduo o que ele ou ela venha a precisar em qualquer altura.<\/p>\n","protected":false},"excerpt":{"rendered":"<p>Medita\u00e7\u00f5es Di\u00e1rias<\/p>\n","protected":false},"featured_media":526,"template":"","meta":[],"product_brand":[],"product_cat":[15],"product_tag":[],"class_list":{"0":"post-26","1":"product","2":"type-product","3":"status-publish","4":"has-post-thumbnail","6":"product_cat-livros","8":"first","9":"instock","10":"shipping-taxable","11":"purchasable","12":"product-type-simple","13":"customify-col"},"_links":{"self":[{"href":"https:\/\/literatura.na-pt.org\/en\/wp-json\/wp\/v2\/product\/26","targetHints":{"allow":["GET"]}}],"collection":[{"href":"https:\/\/literatura.na-pt.org\/en\/wp-json\/wp\/v2\/product"}],"about":[{"href":"https:\/\/literatura.na-pt.org\/en\/wp-json\/wp\/v2\/types\/product"}],"wp:featuredmedia":[{"embeddable":true,"href":"https:\/\/literatura.na-pt.org\/en\/wp-json\/wp\/v2\/media\/526"}],"wp:attachment":[{"href":"https:\/\/literatura.na-pt.org\/en\/wp-json\/wp\/v2\/media?parent=26"}],"wp:term":[{"taxonomy":"product_brand","embeddable":true,"href":"https:\/\/literatura.na-pt.org\/en\/wp-json\/wp\/v2\/product_brand?post=26"},{"taxonomy":"product_cat","embeddable":true,"href":"https:\/\/literatura.na-pt.org\/en\/wp-json\/wp\/v2\/product_cat?post=26"},{"taxonomy":"product_tag","embeddable":true,"href":"https:\/\/literatura.na-pt.org\/en\/wp-json\/wp\/v2\/product_tag?post=26"}],"curies":[{"name":"wp","href":"https:\/\/api.w.org\/{rel}","templated":true}]}}