{"id":257,"date":"2018-12-12T18:21:06","date_gmt":"2018-12-12T18:21:06","guid":{"rendered":"https:\/\/literatura.na-pt.org\/?post_type=product&#038;p=257"},"modified":"2026-03-25T19:37:05","modified_gmt":"2026-03-25T19:37:05","slug":"serei-um-adicto","status":"publish","type":"product","link":"https:\/\/literatura.na-pt.org\/en\/loja\/folhetos\/serei-um-adicto\/","title":{"rendered":"Serei um adicto?"},"content":{"rendered":"","protected":false},"excerpt":{"rendered":"<p>S\u00f3 tu podes responder a esta pergunta. Isto pode n\u00e3o ser f\u00e1cil. Durante toda a nossa vida com drogas quantas vezes disse-mos &#8220;eu consigo controlar isto?&#8221; Mesmo que isso fosse verdade ao princ\u00edpio, n\u00e3o \u00e9 assim agora. As drogas controlaram-nos. Viv\u00edamos para usar e us\u00e1vamos para viver. Um adicto \u00e9, muito simplesmente, uma pessoa cuja vida \u00e9 controlada pelas drogas. Talvez admitas que tenhas um problema com drogas, mas n\u00e3o te consideras um adicto. Todos n\u00f3s temos ideias preconcebidas acerca do que \u00e9 um adicto. N\u00e3o h\u00e1 nada de vergonhoso em se ser adicto, a partir do momento em que se tomem ac\u00e7\u00f5es positivas. Se conseguires identificar-te com os nossos problemas talvez consigas identificar-te com a nossa solu\u00e7\u00e3o. As perguntas seguintes foram escritas por adictos em recupera\u00e7\u00e3o em Narc\u00f3ticos An\u00f3nimos. Se tens d\u00favidas sobre se \u00e9s ou n\u00e3o um adicto, l\u00ea as perguntas com calma e responde a elas com toda a honestidade.<br \/>\n&#8230;<br \/>\nProcur\u00e1vamos uma resposta quando estendemos a m\u00e3o e encontr\u00e1mos Narc\u00f3ticos An\u00f3nimos. Quando viemos \u00e0 nossa primeira reuni\u00e3o de NA, sent\u00edamo-nos derrotados e n\u00e3o sab\u00edamos o que esperar. Depois de irmos a uma reuni\u00e3o, ou a v\u00e1rias reuni\u00f5es, come\u00e7\u00e1mos a sentir que as pessoas se preocupavam e estavam dispostas a ajudar. Embora as nossas mentes nos dissessem que nunca ir\u00edamos conseguir, as pessoas na Irmandade davam-nos esperan\u00e7a ao insistirem em que pod\u00edamos recuperar. Rodeados de outros adictos, compreendemos que j\u00e1 n\u00e3o est\u00e1vamos mais sozinhos. A recupera\u00e7\u00e3o \u00e9 o que acontece nas nossas reuni\u00f5es.<\/p>\n","protected":false},"featured_media":550,"template":"","meta":[],"product_brand":[],"product_cat":[16],"product_tag":[106],"class_list":{"0":"post-257","1":"product","2":"type-product","3":"status-publish","4":"has-post-thumbnail","6":"product_cat-folhetos","7":"product_tag-recem-chegado","9":"first","10":"instock","11":"shipping-taxable","12":"purchasable","13":"product-type-simple","14":"customify-col"},"_links":{"self":[{"href":"https:\/\/literatura.na-pt.org\/en\/wp-json\/wp\/v2\/product\/257","targetHints":{"allow":["GET"]}}],"collection":[{"href":"https:\/\/literatura.na-pt.org\/en\/wp-json\/wp\/v2\/product"}],"about":[{"href":"https:\/\/literatura.na-pt.org\/en\/wp-json\/wp\/v2\/types\/product"}],"wp:featuredmedia":[{"embeddable":true,"href":"https:\/\/literatura.na-pt.org\/en\/wp-json\/wp\/v2\/media\/550"}],"wp:attachment":[{"href":"https:\/\/literatura.na-pt.org\/en\/wp-json\/wp\/v2\/media?parent=257"}],"wp:term":[{"taxonomy":"product_brand","embeddable":true,"href":"https:\/\/literatura.na-pt.org\/en\/wp-json\/wp\/v2\/product_brand?post=257"},{"taxonomy":"product_cat","embeddable":true,"href":"https:\/\/literatura.na-pt.org\/en\/wp-json\/wp\/v2\/product_cat?post=257"},{"taxonomy":"product_tag","embeddable":true,"href":"https:\/\/literatura.na-pt.org\/en\/wp-json\/wp\/v2\/product_tag?post=257"}],"curies":[{"name":"wp","href":"https:\/\/api.w.org\/{rel}","templated":true}]}}