{"id":255,"date":"2018-12-12T18:18:01","date_gmt":"2018-12-12T18:18:01","guid":{"rendered":"https:\/\/literatura.na-pt.org\/?post_type=product&#038;p=255"},"modified":"2026-03-25T19:37:05","modified_gmt":"2026-03-25T19:37:05","slug":"recuperacao-e-recaida","status":"publish","type":"product","link":"https:\/\/literatura.na-pt.org\/en\/loja\/folhetos\/recuperacao-e-recaida\/","title":{"rendered":"Recupera\u00e7\u00e3o e reca\u00edda"},"content":{"rendered":"","protected":false},"excerpt":{"rendered":"<p>H\u00e1 muita gente que considera a recupera\u00e7\u00e3o apenas como uma quest\u00e3o de n\u00e3o usar drogas. Acham que a reca\u00edda \u00e9 um sinal de fracasso completo e os longos per\u00edodos de abstin\u00eancia um sucesso total. N\u00f3s no programa de recupera\u00e7\u00e3o de Narc\u00f3ticos An\u00f3nimos consideramos esta ideia demasiado simplista. Depois de um membro se envolver em NA, uma reca\u00edda pode ser uma experi\u00eancia forte que provoca uma aplica\u00e7\u00e3o mais rigorosa do programa. Do mesmo modo, h\u00e1 alguns membros que se mant\u00eam abstinentes durante longos per\u00edodos, embora a sua desonestidade os impe\u00e7a de desfrutarem completamente da recupera\u00e7\u00e3o e da aceita\u00e7\u00e3o da sociedade. Contudo, a completa e cont\u00ednua abstin\u00eancia, trabalhando juntos e identificando-nos com outros adictos nas reuni\u00f5es de NA, \u00e9 ainda a melhor base para o crescimento.<br \/>\n&#8230;<br \/>\nUm adicto que consiga superar, por qualquer modo e pelo menos por um tempo, a necessidade ou o desejo de usar, conseguindo controlar os seus pensamentos impulsivos e as suas ac\u00e7\u00f5es compulsivas, atingiu um ponto que pode ser decisivo para a sua recupera\u00e7\u00e3o. \u00c0s vezes \u00e9 esse o ponto cr\u00edtico da sensa\u00e7\u00e3o de verdadeira independ\u00eancia e liberdade. A possibilidade de sair-mos do programa e de voltarmos a controlar as nossas pr\u00f3prias vidas \u00e9 algo que nos atrai, mas a verdade \u00e9 que aquilo que temos hoje \u00e9 resultado da f\u00e9 num Poder superior a n\u00f3s mesmos e do acto de dar e receber ajuda dos outros com empatia. Muitas vezes em recupera\u00e7\u00e3o os velhos fantasmas ainda nos perseguem. A vida pode voltar a ser mon\u00f3tona, aborrecida e sem sentido. Podemos cansar-nos mentalmente ao repetirmos as nossas novas ideias, e podemos cansar-nos fisicamente com as nossas novas actividades, mas sabemos que se n\u00e3o fizermos assim voltaremos certamente \u00e0s nossas atitudes do passado. Tememos que se n\u00e3o aproveitarmos aquilo que temos perderemos tudo. S\u00e3o quase sempre essas as alturas de maior crescimento para n\u00f3s. As nossas mentes e os nossos corpos parecem cansados de tudo, mas as for\u00e7as din\u00e2micas da mudan\u00e7a, bem dentro de n\u00f3s, actuam para nos darem as solu\u00e7\u00f5es que ir\u00e3o alterar as nossas motiva\u00e7\u00f5es internas e mudar as nossas vidas.<\/p>\n","protected":false},"featured_media":546,"template":"","meta":[],"product_brand":[],"product_cat":[16],"product_tag":[],"class_list":{"0":"post-255","1":"product","2":"type-product","3":"status-publish","4":"has-post-thumbnail","6":"product_cat-folhetos","8":"first","9":"instock","10":"shipping-taxable","11":"purchasable","12":"product-type-simple","13":"customify-col"},"_links":{"self":[{"href":"https:\/\/literatura.na-pt.org\/en\/wp-json\/wp\/v2\/product\/255","targetHints":{"allow":["GET"]}}],"collection":[{"href":"https:\/\/literatura.na-pt.org\/en\/wp-json\/wp\/v2\/product"}],"about":[{"href":"https:\/\/literatura.na-pt.org\/en\/wp-json\/wp\/v2\/types\/product"}],"wp:featuredmedia":[{"embeddable":true,"href":"https:\/\/literatura.na-pt.org\/en\/wp-json\/wp\/v2\/media\/546"}],"wp:attachment":[{"href":"https:\/\/literatura.na-pt.org\/en\/wp-json\/wp\/v2\/media?parent=255"}],"wp:term":[{"taxonomy":"product_brand","embeddable":true,"href":"https:\/\/literatura.na-pt.org\/en\/wp-json\/wp\/v2\/product_brand?post=255"},{"taxonomy":"product_cat","embeddable":true,"href":"https:\/\/literatura.na-pt.org\/en\/wp-json\/wp\/v2\/product_cat?post=255"},{"taxonomy":"product_tag","embeddable":true,"href":"https:\/\/literatura.na-pt.org\/en\/wp-json\/wp\/v2\/product_tag?post=255"}],"curies":[{"name":"wp","href":"https:\/\/api.w.org\/{rel}","templated":true}]}}