{"id":253,"date":"2018-12-12T18:16:27","date_gmt":"2018-12-12T18:16:27","guid":{"rendered":"https:\/\/literatura.na-pt.org\/?post_type=product&#038;p=253"},"modified":"2026-03-25T19:37:05","modified_gmt":"2026-03-25T19:37:05","slug":"uma-outra-perspectiva","status":"publish","type":"product","link":"https:\/\/literatura.na-pt.org\/en\/loja\/folhetos\/uma-outra-perspectiva\/","title":{"rendered":"Uma outra perspectiva"},"content":{"rendered":"","protected":false},"excerpt":{"rendered":"<p>Existem talvez tantas defini\u00e7\u00f5es de adic\u00e7\u00e3o quantos os modos de pensar, baseadas tanto na investiga\u00e7\u00e3o como nas experi\u00eancias pessoais. N\u00e3o surpreende que haja muitas \u00e1reas de honesto desacordo nas defini\u00e7\u00f5es que ouvimos. Algumas parecem adequar-se melhor a certos grupos do que a outros. Se aceitarmos isto como um facto, ent\u00e3o talvez se deva examinar uma outra perspectiva, na esperan\u00e7a de se encontrar uma maior comunica\u00e7\u00e3o entre n\u00f3s. Se houver maior acordo naquilo que a adic\u00e7\u00e3o n\u00e3o \u00e9, talvez o que ela seja nos surja com maior clareza.<br \/>\n&#8230;<br \/>\no objectivo dos Doze Passos de Narc\u00f3ticos An\u00f3nimos torna-se claro \u00e0 medida que sentimos que a depend\u00eancia num Poder Superior, tal como O compreendemos, traz-nos confian\u00e7a e um respeito por n\u00f3s mesmos. Vemos que n\u00e3o somos melhores nem piores do que ningu\u00e9m. O nosso verdadeiro valor est\u00e1 em sermos n\u00f3s pr\u00f3prios. A liberdade, trazendo consigo a responsabilidade por n\u00f3s e pelas nossas ac\u00e7\u00f5es, toma-se important\u00edssima nas nossas vidas. Mantemos e aumentamos essa liberdade atrav\u00e9s de uma pr\u00e1tica di\u00e1ria &#8211; \u00e9 esta a ac\u00e7\u00e3o criativa que n\u00e3o tem fim. A boa-vontade \u00e9 evidentemente o in\u00edcio de todo o crescimento espiritual. Conduz ao afecto e ao amor em todas as nossas ac\u00e7\u00f5es. Estes tr\u00eas objectivos, liberdade, ac\u00e7\u00e3o criativa e boa-vontade, quando ao servi\u00e7o de NA, sem procurarem recompensas pessoais, trazem consigo mudan\u00e7as cujos fins n\u00e3o podemos prever ou controlar. Assim, o servi\u00e7o \u00e9 tamb\u00e9m um Poder superior a n\u00f3s mesmos, tendo um significado especial para todos.<\/p>\n","protected":false},"featured_media":556,"template":"","meta":[],"product_brand":[],"product_cat":[16],"product_tag":[],"class_list":{"0":"post-253","1":"product","2":"type-product","3":"status-publish","4":"has-post-thumbnail","6":"product_cat-folhetos","8":"first","9":"instock","10":"shipping-taxable","11":"purchasable","12":"product-type-simple","13":"customify-col"},"_links":{"self":[{"href":"https:\/\/literatura.na-pt.org\/en\/wp-json\/wp\/v2\/product\/253","targetHints":{"allow":["GET"]}}],"collection":[{"href":"https:\/\/literatura.na-pt.org\/en\/wp-json\/wp\/v2\/product"}],"about":[{"href":"https:\/\/literatura.na-pt.org\/en\/wp-json\/wp\/v2\/types\/product"}],"wp:featuredmedia":[{"embeddable":true,"href":"https:\/\/literatura.na-pt.org\/en\/wp-json\/wp\/v2\/media\/556"}],"wp:attachment":[{"href":"https:\/\/literatura.na-pt.org\/en\/wp-json\/wp\/v2\/media?parent=253"}],"wp:term":[{"taxonomy":"product_brand","embeddable":true,"href":"https:\/\/literatura.na-pt.org\/en\/wp-json\/wp\/v2\/product_brand?post=253"},{"taxonomy":"product_cat","embeddable":true,"href":"https:\/\/literatura.na-pt.org\/en\/wp-json\/wp\/v2\/product_cat?post=253"},{"taxonomy":"product_tag","embeddable":true,"href":"https:\/\/literatura.na-pt.org\/en\/wp-json\/wp\/v2\/product_tag?post=253"}],"curies":[{"name":"wp","href":"https:\/\/api.w.org\/{rel}","templated":true}]}}