{"id":251,"date":"2018-12-12T18:10:47","date_gmt":"2018-12-12T18:10:47","guid":{"rendered":"https:\/\/literatura.na-pt.org\/?post_type=product&#038;p=251"},"modified":"2026-03-14T18:54:35","modified_gmt":"2026-03-14T18:54:35","slug":"o-quarto-passo","status":"publish","type":"product","link":"https:\/\/literatura.na-pt.org\/en\/loja\/livretes\/o-quarto-passo\/","title":{"rendered":"O Quarto Passo em Narc\u00f3ticos An\u00f3nimos"},"content":{"rendered":"","protected":false},"excerpt":{"rendered":"<p>Este guia destina-se a ser um aux\u00edlio para escrever um invent\u00e1rio do Quarto Passo. \u00c9 extremamente importante que o fa\u00e7amos com o nosso padrinho ou madrinha de NA. Se ainda n\u00e3o tens um(a), esta \u00e9 uma boa altura para encontrares um(a) que possa guiar-te atrav\u00e9s destes passos. Depois de leres este guia sozinho, sugerimos que o leias outra vez juntamente com o teu padrinho ou madrinha antes de dares in\u00edcio ao Quarto Passo. \u00c9 tamb\u00e9m bom que uses outra literatura de NA, bem como as reuni\u00f5es de passos, a fim de obteres mais informa\u00e7\u00e3o sobre o Quarto Passo. H\u00e1 muitos m\u00e9todos de escrever invent\u00e1rios, e n\u00e3o existe uma maneira certa para toda a gente. Este guia representa a experi\u00eancia, a for\u00e7a e a esperan\u00e7a de muitos adictos que encontraram a recupera\u00e7\u00e3o em Narc\u00f3ticos An\u00f3nimos. Seja qual for o m\u00e9todo, o nosso Quarto Passo ser\u00e1 bem sucedido se for minucioso e destemido.<\/p>\n","protected":false},"featured_media":610,"template":"","meta":[],"product_brand":[],"product_cat":[17],"product_tag":[],"class_list":{"0":"post-251","1":"product","2":"type-product","3":"status-publish","4":"has-post-thumbnail","6":"product_cat-livretes","8":"first","9":"instock","10":"shipping-taxable","11":"purchasable","12":"product-type-simple","13":"customify-col"},"_links":{"self":[{"href":"https:\/\/literatura.na-pt.org\/en\/wp-json\/wp\/v2\/product\/251","targetHints":{"allow":["GET"]}}],"collection":[{"href":"https:\/\/literatura.na-pt.org\/en\/wp-json\/wp\/v2\/product"}],"about":[{"href":"https:\/\/literatura.na-pt.org\/en\/wp-json\/wp\/v2\/types\/product"}],"wp:featuredmedia":[{"embeddable":true,"href":"https:\/\/literatura.na-pt.org\/en\/wp-json\/wp\/v2\/media\/610"}],"wp:attachment":[{"href":"https:\/\/literatura.na-pt.org\/en\/wp-json\/wp\/v2\/media?parent=251"}],"wp:term":[{"taxonomy":"product_brand","embeddable":true,"href":"https:\/\/literatura.na-pt.org\/en\/wp-json\/wp\/v2\/product_brand?post=251"},{"taxonomy":"product_cat","embeddable":true,"href":"https:\/\/literatura.na-pt.org\/en\/wp-json\/wp\/v2\/product_cat?post=251"},{"taxonomy":"product_tag","embeddable":true,"href":"https:\/\/literatura.na-pt.org\/en\/wp-json\/wp\/v2\/product_tag?post=251"}],"curies":[{"name":"wp","href":"https:\/\/api.w.org\/{rel}","templated":true}]}}