{"id":249,"date":"2018-12-12T18:08:24","date_gmt":"2018-12-12T18:08:24","guid":{"rendered":"https:\/\/literatura.na-pt.org\/?post_type=product&#038;p=249"},"modified":"2026-04-06T18:44:01","modified_gmt":"2026-04-06T18:44:01","slug":"um-recurso-na-vossa-comunidade","status":"publish","type":"product","link":"https:\/\/literatura.na-pt.org\/en\/loja\/livretes\/um-recurso-na-vossa-comunidade\/","title":{"rendered":"Um Recurso na vossa Comunidade"},"content":{"rendered":"","protected":false},"excerpt":{"rendered":"<p>Narc\u00f3ticos An\u00f3nimos \u00e9 uma associa\u00e7\u00e3o internacional sem fins lucrativos, com base na comunidade, para adictos em recupera\u00e7\u00e3o, a funcionar em mais de 131 pa\u00edses. Os membros de Narc\u00f3ticos An\u00f3nimos (NA) aprendem, uns com os outros, a viver livres de drogas e a recuperar dos efeitos da adic\u00e7\u00e3o nas suas vidas.<br \/>\nSe voc\u00ea j\u00e1 pensou em recomendar Narc\u00f3ticos An\u00f3nimos a algu\u00e9m que tenha um problema com drogas, poder\u00e1 ter algumas interroga\u00e7\u00f5es quanto \u00e0 nossa associa\u00e7\u00e3o. Este folheto foi projectado para responder a essas interroga\u00e7\u00f5es.<\/p>\n","protected":false},"featured_media":609,"template":"","meta":[],"product_brand":[],"product_cat":[17],"product_tag":[104],"class_list":{"0":"post-249","1":"product","2":"type-product","3":"status-publish","4":"has-post-thumbnail","6":"product_cat-livretes","7":"product_tag-rp","9":"first","10":"instock","11":"shipping-taxable","12":"purchasable","13":"product-type-simple","14":"customify-col"},"_links":{"self":[{"href":"https:\/\/literatura.na-pt.org\/en\/wp-json\/wp\/v2\/product\/249","targetHints":{"allow":["GET"]}}],"collection":[{"href":"https:\/\/literatura.na-pt.org\/en\/wp-json\/wp\/v2\/product"}],"about":[{"href":"https:\/\/literatura.na-pt.org\/en\/wp-json\/wp\/v2\/types\/product"}],"wp:featuredmedia":[{"embeddable":true,"href":"https:\/\/literatura.na-pt.org\/en\/wp-json\/wp\/v2\/media\/609"}],"wp:attachment":[{"href":"https:\/\/literatura.na-pt.org\/en\/wp-json\/wp\/v2\/media?parent=249"}],"wp:term":[{"taxonomy":"product_brand","embeddable":true,"href":"https:\/\/literatura.na-pt.org\/en\/wp-json\/wp\/v2\/product_brand?post=249"},{"taxonomy":"product_cat","embeddable":true,"href":"https:\/\/literatura.na-pt.org\/en\/wp-json\/wp\/v2\/product_cat?post=249"},{"taxonomy":"product_tag","embeddable":true,"href":"https:\/\/literatura.na-pt.org\/en\/wp-json\/wp\/v2\/product_tag?post=249"}],"curies":[{"name":"wp","href":"https:\/\/api.w.org\/{rel}","templated":true}]}}