{"id":247,"date":"2018-12-12T18:06:23","date_gmt":"2018-12-12T18:06:23","guid":{"rendered":"https:\/\/literatura.na-pt.org\/?post_type=product&#038;p=247"},"modified":"2026-03-14T18:54:35","modified_gmt":"2026-03-14T18:54:35","slug":"por-detras-das-grades","status":"publish","type":"product","link":"https:\/\/literatura.na-pt.org\/en\/loja\/livretes\/por-detras-das-grades\/","title":{"rendered":"Por Detr\u00e1s das Grades"},"content":{"rendered":"","protected":false},"excerpt":{"rendered":"<p>Este folheto, escrito por adictos em recupera\u00e7\u00e3o em Narc\u00f3ticos An\u00f3nimos, destina-se especificamente a quem esteja detido numa pris\u00e3o e possa ter um problema com drogas.<br \/>\nAs p\u00e1ginas que se seguem reflectem a experi\u00eancia de recupera\u00e7\u00e3o da doen\u00e7a da adic\u00e7\u00e3o, tanto dentro como fora de institui\u00e7\u00f5es.<br \/>\nPedimos que d\u00eas a ti pr\u00f3prio uma oportunidade e leias Por Detr\u00e1s Das Grades com uma mente aberta. Poder\u00e1 ajudar-te a manteres-te limpo e a mudares a tua vida. Existe esperan\u00e7a.<\/p>\n","protected":false},"featured_media":533,"template":"","meta":[],"product_brand":[],"product_cat":[17],"product_tag":[103],"class_list":{"0":"post-247","1":"product","2":"type-product","3":"status-publish","4":"has-post-thumbnail","6":"product_cat-livretes","7":"product_tag-hi","9":"first","10":"instock","11":"shipping-taxable","12":"purchasable","13":"product-type-simple","14":"customify-col"},"_links":{"self":[{"href":"https:\/\/literatura.na-pt.org\/en\/wp-json\/wp\/v2\/product\/247","targetHints":{"allow":["GET"]}}],"collection":[{"href":"https:\/\/literatura.na-pt.org\/en\/wp-json\/wp\/v2\/product"}],"about":[{"href":"https:\/\/literatura.na-pt.org\/en\/wp-json\/wp\/v2\/types\/product"}],"wp:featuredmedia":[{"embeddable":true,"href":"https:\/\/literatura.na-pt.org\/en\/wp-json\/wp\/v2\/media\/533"}],"wp:attachment":[{"href":"https:\/\/literatura.na-pt.org\/en\/wp-json\/wp\/v2\/media?parent=247"}],"wp:term":[{"taxonomy":"product_brand","embeddable":true,"href":"https:\/\/literatura.na-pt.org\/en\/wp-json\/wp\/v2\/product_brand?post=247"},{"taxonomy":"product_cat","embeddable":true,"href":"https:\/\/literatura.na-pt.org\/en\/wp-json\/wp\/v2\/product_cat?post=247"},{"taxonomy":"product_tag","embeddable":true,"href":"https:\/\/literatura.na-pt.org\/en\/wp-json\/wp\/v2\/product_tag?post=247"}],"curies":[{"name":"wp","href":"https:\/\/api.w.org\/{rel}","templated":true}]}}