{"id":245,"date":"2018-12-12T18:01:52","date_gmt":"2018-12-12T18:01:52","guid":{"rendered":"https:\/\/literatura.na-pt.org\/?post_type=product&#038;p=245"},"modified":"2026-03-14T18:54:35","modified_gmt":"2026-03-14T18:54:35","slug":"o-grupo-de-na-revisto","status":"publish","type":"product","link":"https:\/\/literatura.na-pt.org\/en\/loja\/livretes\/o-grupo-de-na-revisto\/","title":{"rendered":"O Grupo de NA (revisto)"},"content":{"rendered":"","protected":false},"excerpt":{"rendered":"<p>Existem muitas formas de se fazer as coisas em Narc\u00f3ticos An\u00f3nimos. E tal como cada um de n\u00f3s tem a sua pr\u00f3pria personalidade individual, tamb\u00e9m o teu grupo ir\u00e1 desenvolver a sua pr\u00f3pria identidade, a sua forma de fazer as coisas, e o seu jeito pr\u00f3prio de transmitir a mensagem de NA. \u00c9 assim que deve ser. Em NA encorajamos a unidade, n\u00e3o a uniformidade.<br \/>\nEste pequeno folheto nem sequer tenta dizer tudo aquilo que poderia ser dito sobre o funcionamento de um grupo de NA. O que ir\u00e1s encontrar aqui s\u00e3o respostas poss\u00edveis a algumas perguntas muito b\u00e1sicas: O que \u00e9 um grupo de NA? Como \u00e9 que o trabalho \u00e9 feito? Que tipos de reuni\u00f5es \u00e9 que um grupo pode ter? Quando surgem problemas, como \u00e9 que eles s\u00e3o resolvidos? Esperamos que este folheto possa ser \u00fatil ao teu grupo, na sua busca de cumprir o seu objectivo primordial: transmitir a mensagem ao adicto que ainda sofre.<\/p>\n","protected":false},"featured_media":553,"template":"","meta":[],"product_brand":[],"product_cat":[17],"product_tag":[],"class_list":{"0":"post-245","1":"product","2":"type-product","3":"status-publish","4":"has-post-thumbnail","6":"product_cat-livretes","8":"first","9":"instock","10":"shipping-taxable","11":"purchasable","12":"product-type-simple","13":"customify-col"},"_links":{"self":[{"href":"https:\/\/literatura.na-pt.org\/en\/wp-json\/wp\/v2\/product\/245","targetHints":{"allow":["GET"]}}],"collection":[{"href":"https:\/\/literatura.na-pt.org\/en\/wp-json\/wp\/v2\/product"}],"about":[{"href":"https:\/\/literatura.na-pt.org\/en\/wp-json\/wp\/v2\/types\/product"}],"wp:featuredmedia":[{"embeddable":true,"href":"https:\/\/literatura.na-pt.org\/en\/wp-json\/wp\/v2\/media\/553"}],"wp:attachment":[{"href":"https:\/\/literatura.na-pt.org\/en\/wp-json\/wp\/v2\/media?parent=245"}],"wp:term":[{"taxonomy":"product_brand","embeddable":true,"href":"https:\/\/literatura.na-pt.org\/en\/wp-json\/wp\/v2\/product_brand?post=245"},{"taxonomy":"product_cat","embeddable":true,"href":"https:\/\/literatura.na-pt.org\/en\/wp-json\/wp\/v2\/product_cat?post=245"},{"taxonomy":"product_tag","embeddable":true,"href":"https:\/\/literatura.na-pt.org\/en\/wp-json\/wp\/v2\/product_tag?post=245"}],"curies":[{"name":"wp","href":"https:\/\/api.w.org\/{rel}","templated":true}]}}