{"id":242,"date":"2018-12-12T17:58:19","date_gmt":"2018-12-12T17:58:19","guid":{"rendered":"https:\/\/literatura.na-pt.org\/?post_type=product&#038;p=242"},"modified":"2026-03-20T10:25:16","modified_gmt":"2026-03-20T10:25:16","slug":"livro-branco","status":"publish","type":"product","link":"https:\/\/literatura.na-pt.org\/en\/loja\/livretes\/livro-branco\/","title":{"rendered":"O Pequeno Livro Branco"},"content":{"rendered":"","protected":false},"excerpt":{"rendered":"<p>Este folheto \u00e9 uma introdu\u00e7\u00e3o \u00e0 irmandade de Narc\u00f3ticos An\u00f3nimos. \u00c9 escrito para aqueles homens e mulheres que, como n\u00f3s, sofrem de uma adic\u00e7\u00e3o a drogas que parece n\u00e3o ter solu\u00e7\u00e3o. A adic\u00e7\u00e3o n\u00e3o tem cura, mas a recupera\u00e7\u00e3o \u00e9 poss\u00edvel atrav\u00e9s de um programa de princ\u00edpios espirituais simples. Embora este folheto n\u00e3o pretenda ser exaustivo, cont\u00e9m os pontos essenciais que, atrav\u00e9s da nossa experi\u00eancia pessoal e colectiva, sabemos serem necess\u00e1rios para a nossa recupera\u00e7\u00e3o. Os nossos Doze Passos e Doze Tradi\u00e7\u00f5es foram adaptados dos de Alco\u00f3licos An\u00f3nimos. Estamos profundamente agradecidos \u00e0 irmandade de A.A. por nos mostrar o caminho para uma vida nova.<\/p>\n","protected":false},"featured_media":520,"template":"","meta":[],"product_brand":[],"product_cat":[17],"product_tag":[],"class_list":{"0":"post-242","1":"product","2":"type-product","3":"status-publish","4":"has-post-thumbnail","6":"product_cat-livretes","8":"first","9":"instock","10":"shipping-taxable","11":"purchasable","12":"product-type-simple","13":"customify-col"},"_links":{"self":[{"href":"https:\/\/literatura.na-pt.org\/en\/wp-json\/wp\/v2\/product\/242","targetHints":{"allow":["GET"]}}],"collection":[{"href":"https:\/\/literatura.na-pt.org\/en\/wp-json\/wp\/v2\/product"}],"about":[{"href":"https:\/\/literatura.na-pt.org\/en\/wp-json\/wp\/v2\/types\/product"}],"wp:featuredmedia":[{"embeddable":true,"href":"https:\/\/literatura.na-pt.org\/en\/wp-json\/wp\/v2\/media\/520"}],"wp:attachment":[{"href":"https:\/\/literatura.na-pt.org\/en\/wp-json\/wp\/v2\/media?parent=242"}],"wp:term":[{"taxonomy":"product_brand","embeddable":true,"href":"https:\/\/literatura.na-pt.org\/en\/wp-json\/wp\/v2\/product_brand?post=242"},{"taxonomy":"product_cat","embeddable":true,"href":"https:\/\/literatura.na-pt.org\/en\/wp-json\/wp\/v2\/product_cat?post=242"},{"taxonomy":"product_tag","embeddable":true,"href":"https:\/\/literatura.na-pt.org\/en\/wp-json\/wp\/v2\/product_tag?post=242"}],"curies":[{"name":"wp","href":"https:\/\/api.w.org\/{rel}","templated":true}]}}