{"id":238,"date":"2018-12-12T17:50:08","date_gmt":"2018-12-12T17:50:08","guid":{"rendered":"https:\/\/literatura.na-pt.org\/?post_type=product&#038;p=238"},"modified":"2026-04-05T11:52:20","modified_gmt":"2026-04-05T11:52:20","slug":"guia-para-trabalhar-os-passos","status":"publish","type":"product","link":"https:\/\/literatura.na-pt.org\/en\/loja\/livros\/guia-para-trabalhar-os-passos\/","title":{"rendered":"Guia para Trabalhar os Passos"},"content":{"rendered":"","protected":false},"excerpt":{"rendered":"<p>A ideia de escrever este texto partiu da pr\u00f3pria Irmandade de Narc\u00f3ticos An\u00f3nimos no principio dos anos 80, come\u00e7\u00e1mos a receber folhas avulsas e guias, juntamente com solicita\u00e7\u00f5es para que desenvolv\u00eassemos um conjunto de orienta\u00e7\u00f5es para a Irmandade, de NA utilizar o trabalho dos Doze Passos. O pedido da Irmandade levou este projecto a integrar a lista de prioridades do Comit\u00e9 de Literatura da Confer\u00eancia Mundial de Servi\u00e7o de NA (WSCLC) e fez com que a Confer\u00eancia Mundial de Servi\u00e7o (WSC 95) recomendasse ao WSCLC para prosseguir com o projecto.<br \/>\n&#8220;Guia para Escrever os Passos&#8221; foi o titulo deste projecto durante v\u00e1rios anos. Todavia, reconhecemos que a palavra &#8220;escrever&#8221; impunha uma limita\u00e7\u00e3o aos membros que pudessem ser incapazes de faze-lo ou escolhessem n\u00e3o utilizar a escrita como meio de trabalhar os Doze Passos. Por isso, o titulo passou a ser &#8220;Guia para Trabalhar os Passos&#8221;. Cada cap\u00edtulo inclui narra\u00e7\u00e3o e perguntas. A narra\u00e7\u00e3o visa provocar reflex\u00e3o sobre as perguntas, mas n\u00e3o pretende ser extensiva. Existe uma diferen\u00e7a de &#8220;sujeito&#8221; entre e as perguntas. A narra\u00e7\u00e3o e escrita na primeira pessoa do plural, &#8220;n\u00f3s&#8221;, de forma a promover a unidade naquilo que temos em comum: adi\u00e7\u00e3o e recupera\u00e7\u00e3o. As perguntas s\u00e3o escritas na primeira pessoa do singular, &#8220;eu&#8221;, de modo a que cada membro ao utilizar este guia, possa personalizar o trabalho. O &#8220;Guia para Trabalhar os Passos&#8221; \u00e9 complementar do livro &#8220;Isto Resulta: Como e Porque&#8221;. A referida obra contem uma an\u00e1lise mais abrangente sobre cada um dos Doze Passos. Informa\u00e7\u00f5es adicionais sobre recupera\u00e7\u00e3o podem ser encontradas noutras publica\u00e7\u00f5es de NA. Se n\u00e3o compreendermos algum termo empregado neste livro, devemos utilizar o dicion\u00e1rio.<br \/>\nO prop\u00f3sito deste guia e servir os membros de NA em qualquer momento da recupera\u00e7\u00e3o. O guia pretende beneficiar tanto os que trabalham os passos pela primeira vez como aqueles que j\u00e1 seguem a sua orienta\u00e7\u00e3o h\u00e1 muitos anos. Foi elaborado para ser \u00fatil aos rec\u00e9m-chegados e ajudar os membros mais experientes a desenvolverem uma compreens\u00e3o mais profunda dos Doze Passos. A medida que NA cresce em n\u00fameros, diversidade, for\u00e7a e tempo limpo, precisamos de literatura que continue a servir os seus os e que &#8220;acompanhe&#8221; o crescimento da irmandade.<br \/>\nContudo ao elaborarmos este guia, percebemos que nunca seriamos capazes de escrever algo que abrangesse a experiencia de todos os membros com os passos, por abrangentes e exaustivos que tent\u00e1ssemos ser. De facto, nem tentar\u00edamos faze-lo, mesmo que imagin\u00e1ssemos esta possibilidade. Este livro cont\u00eam orienta\u00e7\u00f5es para os Doze Passos rumo a recupera\u00e7\u00e3o &#8211; ele n\u00e3o contem a recupera\u00e7\u00e3o em si. A recupera\u00e7\u00e3o \u00e9 encontrada, fundamentalmente, a partir da experiencia pessoal de cada membro ao trabalhar os passos. Cada um poder\u00e1 acrescentar, eliminar dados ou utilizar este guia na forma como ele est\u00e1. A escolha \u00e9 de cada um.<br \/>\nProvavelmente, s\u00f3 existe uma maneira inadequada de utilizar este guia: sozinho. Nunca ser\u00e1 demais salientar a import\u00e2ncia da colabora\u00e7\u00e3o do padrinho ou madrinha.<\/p>\n","protected":false},"featured_media":516,"template":"","meta":[],"product_brand":[],"product_cat":[15],"product_tag":[],"class_list":{"0":"post-238","1":"product","2":"type-product","3":"status-publish","4":"has-post-thumbnail","6":"product_cat-livros","8":"first","9":"instock","10":"shipping-taxable","11":"purchasable","12":"product-type-simple","13":"customify-col"},"_links":{"self":[{"href":"https:\/\/literatura.na-pt.org\/en\/wp-json\/wp\/v2\/product\/238","targetHints":{"allow":["GET"]}}],"collection":[{"href":"https:\/\/literatura.na-pt.org\/en\/wp-json\/wp\/v2\/product"}],"about":[{"href":"https:\/\/literatura.na-pt.org\/en\/wp-json\/wp\/v2\/types\/product"}],"wp:featuredmedia":[{"embeddable":true,"href":"https:\/\/literatura.na-pt.org\/en\/wp-json\/wp\/v2\/media\/516"}],"wp:attachment":[{"href":"https:\/\/literatura.na-pt.org\/en\/wp-json\/wp\/v2\/media?parent=238"}],"wp:term":[{"taxonomy":"product_brand","embeddable":true,"href":"https:\/\/literatura.na-pt.org\/en\/wp-json\/wp\/v2\/product_brand?post=238"},{"taxonomy":"product_cat","embeddable":true,"href":"https:\/\/literatura.na-pt.org\/en\/wp-json\/wp\/v2\/product_cat?post=238"},{"taxonomy":"product_tag","embeddable":true,"href":"https:\/\/literatura.na-pt.org\/en\/wp-json\/wp\/v2\/product_tag?post=238"}],"curies":[{"name":"wp","href":"https:\/\/api.w.org\/{rel}","templated":true}]}}