{"id":236,"date":"2018-12-12T17:47:02","date_gmt":"2018-12-12T17:47:02","guid":{"rendered":"https:\/\/literatura.na-pt.org\/?post_type=product&#038;p=236"},"modified":"2026-04-05T09:50:30","modified_gmt":"2026-04-05T09:50:30","slug":"isto-resulta-como-e-porque","status":"publish","type":"product","link":"https:\/\/literatura.na-pt.org\/en\/loja\/livros\/isto-resulta-como-e-porque\/","title":{"rendered":"Isto Resulta Como e Porqu\u00ea"},"content":{"rendered":"","protected":false},"excerpt":{"rendered":"<p>INTRODU\u00c7\u00c3O<br \/>\nBem-vindo! O livro que tens nas m\u00e3os trata dos Doze Passos e das Doze Tradi\u00e7\u00f5es de Narc\u00f3ticos An\u00f3nimos. \u00c9 verdade que, seja sob a forma escrita ou oral, nada do que se diga sobre algo t\u00e3o pessoal ou individual como a recupera\u00e7\u00e3o poder\u00e1 agradar a toda a gente. Este livro n\u00e3o pretende ser nem um estudo exaustivo dos passos e das tradi\u00e7\u00f5es de NA, nem a palavra final sobre qualquer aspecto da recupera\u00e7\u00e3o ou da unidade de NA. Pretende antes ajudar-te a encontrares a tua pr\u00f3pria interpreta\u00e7\u00e3o dos princ\u00edpios contidos nos nossos passos e tradi\u00e7\u00f5es. Esperamos que ao longo destas p\u00e1ginas encontres crescimento pessoal, compreens\u00e3o e empatia. Rezamos para que avances para um novo estado de entendimento da tua recupera\u00e7\u00e3o e do lugar valioso que ocupas como membro de Narc\u00f3ticos An\u00f3nimos.<br \/>\nCada membro de NA contribuiu de certa forma para este livro. Quer sejas rec\u00e9m-chegado ou algu\u00e9m j\u00e1 com algum tempo, a tua experi\u00eancia, o teu apoio e, acima de tudo, a tua presen\u00e7a nas salas onde adictos se re\u00fanem para partilhar recupera\u00e7\u00e3o, t\u00eam sido as for\u00e7as motivadoras para que se fizesse este livro. Embora o processo de se escrever um livro sobre a experi\u00eancia de uma irmandade t\u00e3o diversa como a nossa tenha sido moroso, vimos como todas as barreiras e todos os obst\u00e1culos se dissolveram \u00e0 luz do nosso prop\u00f3sito primordial: transmitir a mensagem ao adicto que ainda sofre. Esse \u00fanico prop\u00f3sito, claro e poderoso, destaca-se na nossa consci\u00eancia colectiva como a \u00fanica coisa que realmente interessa. Com ele, tudo \u00e9 poss\u00edvel e os milagres acontecem.<br \/>\nFoi a natureza do processo de recupera\u00e7\u00e3o que nos deu o t\u00edtulo para este livro. Depois de tudo dito e feito, houve uma verdade fundamental que emergiu como o centro do nosso programa: ISTO RESULTA. As raz\u00f5es por que o nosso programa resulta, o como e o porqu\u00ea da recupera\u00e7\u00e3o, podem encontrar-se em muitos s\u00edtios: em cada um de n\u00f3s, na nossa rela\u00e7\u00e3o com um Poder Superior, nos nossos cora\u00e7\u00f5es e mentes e, finalmente, na sabedoria colectiva dos nossos membros. O esfor\u00e7o principal no desenvolvimento deste livro reca\u00edu em tentarmos capturar a nossa sabedoria colectiva em palavras. Julgamos assim que o t\u00edtulo deste livro ser\u00e1 o mais adequado: Isto Resulta &#8211; Como e Porqu\u00ea.<br \/>\nEsperamos que este livro represente verdadeiramente o valor terap\u00eautico de um adicto a ajudar outro. Oferecemos este livro como uma d\u00e1diva, de adicto para adicto, na esperan\u00e7a de que o nosso amor e a nossa preocupa\u00e7\u00e3o por todo o adicto que esteja a p\u00f4r em pr\u00e1tica o nosso modo de vida, sejam aqui t\u00e3o evidentes quanto n\u00f3s os sentimos. Usa e toma partido deste livro. Partilha-o com os teus amigos, com o teu padrinho ou madrinha, e com as pessoas que apadrinhas. Afinal de contas, \u00e9 partilhando uns com os outros que encontramos as nossas pr\u00f3prias respostas, o nosso pr\u00f3prio Poder Superior; e o nosso pr\u00f3prio caminho em recupera\u00e7\u00e3o.<\/p>\n","protected":false},"featured_media":521,"template":"","meta":[],"product_brand":[],"product_cat":[15],"product_tag":[],"class_list":{"0":"post-236","1":"product","2":"type-product","3":"status-publish","4":"has-post-thumbnail","6":"product_cat-livros","8":"first","9":"instock","10":"shipping-taxable","11":"purchasable","12":"product-type-simple","13":"customify-col"},"_links":{"self":[{"href":"https:\/\/literatura.na-pt.org\/en\/wp-json\/wp\/v2\/product\/236","targetHints":{"allow":["GET"]}}],"collection":[{"href":"https:\/\/literatura.na-pt.org\/en\/wp-json\/wp\/v2\/product"}],"about":[{"href":"https:\/\/literatura.na-pt.org\/en\/wp-json\/wp\/v2\/types\/product"}],"wp:featuredmedia":[{"embeddable":true,"href":"https:\/\/literatura.na-pt.org\/en\/wp-json\/wp\/v2\/media\/521"}],"wp:attachment":[{"href":"https:\/\/literatura.na-pt.org\/en\/wp-json\/wp\/v2\/media?parent=236"}],"wp:term":[{"taxonomy":"product_brand","embeddable":true,"href":"https:\/\/literatura.na-pt.org\/en\/wp-json\/wp\/v2\/product_brand?post=236"},{"taxonomy":"product_cat","embeddable":true,"href":"https:\/\/literatura.na-pt.org\/en\/wp-json\/wp\/v2\/product_cat?post=236"},{"taxonomy":"product_tag","embeddable":true,"href":"https:\/\/literatura.na-pt.org\/en\/wp-json\/wp\/v2\/product_tag?post=236"}],"curies":[{"name":"wp","href":"https:\/\/api.w.org\/{rel}","templated":true}]}}