{"id":2,"date":"2017-11-20T18:19:20","date_gmt":"2017-11-20T18:19:20","guid":{"rendered":"http:\/\/www.drivewide.pt\/naliter\/?page_id=2"},"modified":"2026-01-17T13:28:38","modified_gmt":"2026-01-17T13:28:38","slug":"pedido-manual","status":"publish","type":"page","link":"https:\/\/literatura.na-pt.org\/en\/pedido-manual\/","title":{"rendered":"Formul\u00e1rio de literatura"},"content":{"rendered":"<p>Poder\u00e1 imprimir o <a href=\"https:\/\/literatura.na-pt.org\/wp-content\/uploads\/Formulario-de-encomenda-de-literatura.pdf\"><strong>formul\u00e1rio de literatura<\/strong><\/a> <strong>como auxiliar, para posteriormente fazer a sua encomenda na<\/strong> <a href=\"https:\/\/literatura.na-pt.org\/\"><strong>loja online<\/strong><\/a>:<\/p>\n<ul>\n<li>Caso precise de ajuda para utilizar a loja online visite a nossa sec\u00e7\u00e3o <a href=\"https:\/\/literatura.na-pt.org\/video\/\"><strong>V\u00eddeo<\/strong><\/a><\/li>\n<li>Qualquer d\u00favida poder\u00e1 ligar para 968025066<\/li>\n<li>Realizar o pagamento da encomenda atrav\u00e9s de:\n<ul>\n<li>Transfer\u00eancia Bancaria: Santander <strong>PT50 0018 0355 0020 0014 1979 4<\/strong><\/li>\n<li>Poder\u00e1 tamb\u00e9m fazer o pagamento por<strong> SPIN<\/strong>, associado ao NIPC da APNA &#8211; <strong>502627921<\/strong><\/li>\n<\/ul>\n<\/li>\n<li>Enviar o comprovativo de pagamento para: <a href=\"mailto:literatura@na-pt.org\"><strong>literatura@na-pt.org<\/strong><\/a><\/li>\n<\/ul>\n<div>\n<ul>\n<li>\n<h4><strong>Pedimos o favor de inclu\u00edrem o n\u00famero da encomenda no descritivo da transfer\u00eancia banc\u00e1ria:<br \/>Ex\u00ba: Enc.1832<\/strong><\/h4>\n<\/li>\n<\/ul>\n<\/div>\n\n\n<p><\/p>\n","protected":false},"excerpt":{"rendered":"<p>Poder\u00e1 imprimir o formul\u00e1rio de literatura como auxiliar, para posteriormente fazer a sua encomenda na loja online: Caso precise de ajuda para utilizar a loja&hellip;<\/p>\n","protected":false},"author":1,"featured_media":0,"parent":0,"menu_order":0,"comment_status":"closed","ping_status":"open","template":"","meta":{"footnotes":""},"class_list":["post-2","page","type-page","status-publish","hentry"],"_links":{"self":[{"href":"https:\/\/literatura.na-pt.org\/en\/wp-json\/wp\/v2\/pages\/2","targetHints":{"allow":["GET"]}}],"collection":[{"href":"https:\/\/literatura.na-pt.org\/en\/wp-json\/wp\/v2\/pages"}],"about":[{"href":"https:\/\/literatura.na-pt.org\/en\/wp-json\/wp\/v2\/types\/page"}],"author":[{"embeddable":true,"href":"https:\/\/literatura.na-pt.org\/en\/wp-json\/wp\/v2\/users\/1"}],"replies":[{"embeddable":true,"href":"https:\/\/literatura.na-pt.org\/en\/wp-json\/wp\/v2\/comments?post=2"}],"version-history":[{"count":0,"href":"https:\/\/literatura.na-pt.org\/en\/wp-json\/wp\/v2\/pages\/2\/revisions"}],"wp:attachment":[{"href":"https:\/\/literatura.na-pt.org\/en\/wp-json\/wp\/v2\/media?parent=2"}],"curies":[{"name":"wp","href":"https:\/\/api.w.org\/{rel}","templated":true}]}}