{"id":1105,"date":"2024-07-20T18:32:03","date_gmt":"2024-07-20T18:32:03","guid":{"rendered":"https:\/\/literatura.na-pt.org\/?page_id=1105"},"modified":"2024-07-28T16:11:23","modified_gmt":"2024-07-28T16:11:23","slug":"video","status":"publish","type":"page","link":"https:\/\/literatura.na-pt.org\/en\/video\/","title":{"rendered":"V\u00eddeo"},"content":{"rendered":"\n<p class=\"has-text-align-center\"><strong>V\u00eddeo explicativo da utiliza\u00e7\u00e3o da loja online<\/strong><\/p>\n\n\n\n<p class=\"has-text-align-center\"><\/p>\n\n\n\n<figure class=\"wp-block-video\"><video height=\"720\" style=\"aspect-ratio: 1280 \/ 720;\" width=\"1280\" controls src=\"https:\/\/literatura.na-pt.org\/wp-content\/uploads\/na_lojaonline_pc.mp4\"><\/video><figcaption class=\"wp-element-caption\">V\u00eddeo explicativo da utiliza\u00e7\u00e3o da loja online<\/figcaption><\/figure>\n\n\n\n<p><\/p>\n","protected":false},"excerpt":{"rendered":"<p>V\u00eddeo explicativo da utiliza\u00e7\u00e3o da loja online<\/p>\n","protected":false},"author":1,"featured_media":0,"parent":0,"menu_order":0,"comment_status":"closed","ping_status":"closed","template":"","meta":{"footnotes":""},"class_list":["post-1105","page","type-page","status-publish","hentry"],"_links":{"self":[{"href":"https:\/\/literatura.na-pt.org\/en\/wp-json\/wp\/v2\/pages\/1105","targetHints":{"allow":["GET"]}}],"collection":[{"href":"https:\/\/literatura.na-pt.org\/en\/wp-json\/wp\/v2\/pages"}],"about":[{"href":"https:\/\/literatura.na-pt.org\/en\/wp-json\/wp\/v2\/types\/page"}],"author":[{"embeddable":true,"href":"https:\/\/literatura.na-pt.org\/en\/wp-json\/wp\/v2\/users\/1"}],"replies":[{"embeddable":true,"href":"https:\/\/literatura.na-pt.org\/en\/wp-json\/wp\/v2\/comments?post=1105"}],"version-history":[{"count":0,"href":"https:\/\/literatura.na-pt.org\/en\/wp-json\/wp\/v2\/pages\/1105\/revisions"}],"wp:attachment":[{"href":"https:\/\/literatura.na-pt.org\/en\/wp-json\/wp\/v2\/media?parent=1105"}],"curies":[{"name":"wp","href":"https:\/\/api.w.org\/{rel}","templated":true}]}}